{"id":11132,"date":"2023-04-18T19:01:20","date_gmt":"2023-04-18T17:01:20","guid":{"rendered":"https:\/\/hurricanefactory.sk\/?page_id=11132"},"modified":"2023-04-18T20:42:25","modified_gmt":"2023-04-18T18:42:25","slug":"wisc-2023","status":"publish","type":"page","link":"https:\/\/hurricanefactory.sk\/en\/wisc-2023\/","title":{"rendered":"WISC 2023"},"content":{"rendered":"\t\t<div data-elementor-type=\"wp-page\" data-elementor-id=\"11132\" class=\"elementor elementor-11132\" data-elementor-post-type=\"page\">\n\t\t\t\t\t\t\t\t\t<section class=\"elementor-section elementor-top-section elementor-element elementor-element-c2fc1cf title elementor-section-height-min-height elementor-section-boxed elementor-section-height-default elementor-section-items-middle\" data-id=\"c2fc1cf\" data-element_type=\"section\" data-settings=\"{&quot;background_background&quot;:&quot;classic&quot;}\">\n\t\t\t\t\t\t\t<div class=\"elementor-background-overlay\"><\/div>\n\t\t\t\t\t\t\t<div class=\"elementor-container elementor-column-gap-default\">\n\t\t\t\t\t<div class=\"elementor-column elementor-col-100 elementor-top-column elementor-element elementor-element-a644e2c\" data-id=\"a644e2c\" data-element_type=\"column\">\n\t\t\t<div class=\"elementor-widget-wrap elementor-element-populated\">\n\t\t\t\t\t\t\t\t<div class=\"elementor-element elementor-element-7aa7e5d elementor-widget elementor-widget-image\" data-id=\"7aa7e5d\" data-element_type=\"widget\" data-widget_type=\"image.default\">\n\t\t\t\t<div class=\"elementor-widget-container\">\n\t\t\t\t\t\t\t\t\t\t\t\t\t\t\t<img decoding=\"async\" loading=\"lazy\" width=\"800\" height=\"480\" src=\"https:\/\/hurricanefactory.sk\/wp-content\/uploads\/2023\/04\/wisc-logo-2-light-2048x1229-1-1024x615.png\" class=\"attachment-large size-large wp-image-11108\" alt=\"\" srcset=\"https:\/\/hurricanefactory.sk\/wp-content\/uploads\/2023\/04\/wisc-logo-2-light-2048x1229-1-1024x615.png 1024w, https:\/\/hurricanefactory.sk\/wp-content\/uploads\/2023\/04\/wisc-logo-2-light-2048x1229-1-300x180.png 300w, https:\/\/hurricanefactory.sk\/wp-content\/uploads\/2023\/04\/wisc-logo-2-light-2048x1229-1-768x461.png 768w, https:\/\/hurricanefactory.sk\/wp-content\/uploads\/2023\/04\/wisc-logo-2-light-2048x1229-1-1536x922.png 1536w, https:\/\/hurricanefactory.sk\/wp-content\/uploads\/2023\/04\/wisc-logo-2-light-2048x1229-1-600x360.png 600w, https:\/\/hurricanefactory.sk\/wp-content\/uploads\/2023\/04\/wisc-logo-2-light-2048x1229-1.png 2048w\" sizes=\"(max-width: 800px) 100vw, 800px\" \/>\t\t\t\t\t\t\t\t\t\t\t\t\t\t\t<\/div>\n\t\t\t\t<\/div>\n\t\t\t\t<div class=\"elementor-element elementor-element-2308e7f8 elementor-widget elementor-widget-heading\" data-id=\"2308e7f8\" data-element_type=\"widget\" data-widget_type=\"heading.default\">\n\t\t\t\t<div class=\"elementor-widget-container\">\n\t\t\t<h1 class=\"elementor-heading-title elementor-size-xxl\">4. MAJSTROVSTV\u00c1 SVETA V INDOOR SKYDIVINGU WISC 2023<\/h1>\t\t<\/div>\n\t\t\t\t<\/div>\n\t\t\t\t<div class=\"elementor-element elementor-element-25550ef elementor-widget elementor-widget-heading\" data-id=\"25550ef\" data-element_type=\"widget\" data-widget_type=\"heading.default\">\n\t\t\t\t<div class=\"elementor-widget-container\">\n\t\t\t<p class=\"elementor-heading-title elementor-size-medium\">19. \u2013 22. apr\u00edl 2023, Hurricane Factory Tatralandia<\/p>\t\t<\/div>\n\t\t\t\t<\/div>\n\t\t\t\t\t<\/div>\n\t\t<\/div>\n\t\t\t\t\t\t\t<\/div>\n\t\t<\/section>\n\t\t\t\t<section class=\"elementor-section elementor-top-section elementor-element elementor-element-61205333 elementor-section-boxed elementor-section-height-default elementor-section-height-default\" data-id=\"61205333\" data-element_type=\"section\">\n\t\t\t\t\t\t<div class=\"elementor-container elementor-column-gap-default\">\n\t\t\t\t\t<div class=\"elementor-column elementor-col-100 elementor-top-column elementor-element elementor-element-3c9273c2\" data-id=\"3c9273c2\" data-element_type=\"column\">\n\t\t\t<div class=\"elementor-widget-wrap elementor-element-populated\">\n\t\t\t\t\t\t\t\t<div class=\"elementor-element elementor-element-4c220d81 elementor-widget elementor-widget-spacer\" data-id=\"4c220d81\" data-element_type=\"widget\" data-widget_type=\"spacer.default\">\n\t\t\t\t<div class=\"elementor-widget-container\">\n\t\t\t\t\t<div class=\"elementor-spacer\">\n\t\t\t<div class=\"elementor-spacer-inner\"><\/div>\n\t\t<\/div>\n\t\t\t\t<\/div>\n\t\t\t\t<\/div>\n\t\t\t\t<div class=\"elementor-element elementor-element-2c6fbfc9 elementor-widget elementor-widget-heading\" data-id=\"2c6fbfc9\" data-element_type=\"widget\" data-widget_type=\"heading.default\">\n\t\t\t\t<div class=\"elementor-widget-container\">\n\t\t\t<h2 class=\"elementor-heading-title elementor-size-xl\">Pr\u00ed\u010fte povzbudi\u0165 \u0161portovcov<br>z cel\u00e9ho sveta do Liptov Ar\u00e9ny!<\/h2>\t\t<\/div>\n\t\t\t\t<\/div>\n\t\t\t\t<div class=\"elementor-element elementor-element-7d482da1 elementor-widget elementor-widget-text-editor\" data-id=\"7d482da1\" data-element_type=\"widget\" data-widget_type=\"text-editor.default\">\n\t\t\t\t<div class=\"elementor-widget-container\">\n\t\t\t\t\t\t\t<p>Pribli\u017ene 250 s\u00fa\u0165a\u017eiacich z cel\u00e9ho sveta sa kone\u010dne po \u0161tyroch rokoch z\u00eddu na Majstrovstv\u00e1ch sveta. A chcete sa sta\u0165 svedkom tohto \u00fa\u017easn\u00e9ho podujatia na\u017eivo? Nielen\u017ee budete ma\u0165 mo\u017enos\u0165 sledova\u0165 najlep\u0161\u00edch indoor skydiverov, ale to v\u0161etko bezplatne cez livestream na&nbsp;<a href=\"https:\/\/www.wisc2023.com\/livestream\/\"><b><u>www.wisc2023.com<\/u><\/b><\/a>&nbsp;alebo dokonca na vlastn\u00e9 o\u010di v Liptov Ar\u00e9ne, ktor\u00e1 sa nach\u00e1dza len k\u00fasok od Hurricane Factory Tatralandia.<\/p>\n<p>V ar\u00e9ne m\u00f4\u017eete okrem sledovania \u017eiv\u00e9ho vysielania z Hurricane Factory vidie\u0165 aj \u0161portovcov, ktor\u00ed sa tu bud\u00fa pripravova\u0165. Navy\u0161e, pre v\u0161etk\u00fdch n\u00e1v\u0161tevn\u00edkov bude pripraven\u00fd st\u00e1nok s ob\u010derstven\u00edm, n\u00e1pojmi a suven\u00edrmi.<\/p>\n<p>Nap\u00e4tie sa stup\u0148uje a Majstrovstv\u00e1 sveta dosiahnu svoj vrchol v sobotu 22. apr\u00edla, ke\u010f sa v Liptov Ar\u00e9ne uskuto\u010dn\u00ed legend\u00e1rna Afterparty &#8211; LM P\u00e1rty. Nev\u00e1hajte a pridajte sa k n\u00e1m na tomto neuverite\u013enom dobrodru\u017estve!<\/p>\t\t\t\t\t\t<\/div>\n\t\t\t\t<\/div>\n\t\t\t\t<div class=\"elementor-element elementor-element-6503fdc elementor-widget elementor-widget-button\" data-id=\"6503fdc\" data-element_type=\"widget\" data-widget_type=\"button.default\">\n\t\t\t\t<div class=\"elementor-widget-container\">\n\t\t\t\t\t<div class=\"elementor-button-wrapper\">\n\t\t\t<a class=\"elementor-button elementor-button-link elementor-size-sm\" href=\"https:\/\/predpredaj.zoznam.sk\/sk\/listky\/lm-party-2023-04-22\/\" target=\"_blank\">\n\t\t\t\t\t\t<span class=\"elementor-button-content-wrapper\">\n\t\t\t\t\t\t<span class=\"elementor-button-text\">L\u00cdSTKY NA AFTERPARTY<\/span>\n\t\t<\/span>\n\t\t\t\t\t<\/a>\n\t\t<\/div>\n\t\t\t\t<\/div>\n\t\t\t\t<\/div>\n\t\t\t\t<div class=\"elementor-element elementor-element-b9fb347 elementor-widget elementor-widget-image\" data-id=\"b9fb347\" data-element_type=\"widget\" data-widget_type=\"image.default\">\n\t\t\t\t<div class=\"elementor-widget-container\">\n\t\t\t\t\t\t\t\t\t\t\t\t\t\t\t<img decoding=\"async\" loading=\"lazy\" width=\"1024\" height=\"683\" src=\"https:\/\/hurricanefactory.sk\/wp-content\/uploads\/2023\/04\/disc-1024x683-1.jpg\" class=\"attachment-full size-full wp-image-11142\" alt=\"\" srcset=\"https:\/\/hurricanefactory.sk\/wp-content\/uploads\/2023\/04\/disc-1024x683-1.jpg 1024w, https:\/\/hurricanefactory.sk\/wp-content\/uploads\/2023\/04\/disc-1024x683-1-300x200.jpg 300w, https:\/\/hurricanefactory.sk\/wp-content\/uploads\/2023\/04\/disc-1024x683-1-768x512.jpg 768w, https:\/\/hurricanefactory.sk\/wp-content\/uploads\/2023\/04\/disc-1024x683-1-600x400.jpg 600w\" sizes=\"(max-width: 1024px) 100vw, 1024px\" \/>\t\t\t\t\t\t\t\t\t\t\t\t\t\t\t<\/div>\n\t\t\t\t<\/div>\n\t\t\t\t<div class=\"elementor-element elementor-element-1c3ca11 elementor-widget elementor-widget-heading\" data-id=\"1c3ca11\" data-element_type=\"widget\" data-widget_type=\"heading.default\">\n\t\t\t\t<div class=\"elementor-widget-container\">\n\t\t\t<h2 class=\"elementor-heading-title elementor-size-xl\">Harmonogram wisc 2023:<\/h2>\t\t<\/div>\n\t\t\t\t<\/div>\n\t\t\t\t<div class=\"elementor-element elementor-element-cdfa8ee elementor-widget elementor-widget-text-editor\" data-id=\"cdfa8ee\" data-element_type=\"widget\" data-widget_type=\"text-editor.default\">\n\t\t\t\t<div class=\"elementor-widget-container\">\n\t\t\t\t\t\t\t<ul><li><b>Streda 19.4.2023<\/b>: 19:00 &#8211; Otv\u00e1rac\u00ed ceremoni\u00e1l v Liptov ar\u00e9ne<\/li><li><b>\u0160tvrtok 20.4.2023<\/b>: 8:00 &#8211; 21:00 &#8211; S\u00fa\u0165a\u017en\u00fd de\u0148<\/li><li><b>Piatok 21.4.2023<\/b>: 8:00 &#8211; 19:00 &#8211; S\u00fa\u0165a\u017en\u00fd de\u0148\u00a0<\/li><li><b>Sobota 22.4.2023<\/b>: 8:00 &#8211; 12:30 &#8211;\u00a0<span style=\"font-family: DINNextLTPro, DINNextLTPro-Regular;\">S\u00fa\u0165a\u017en\u00fd de\u0148,\u00a0<\/span>Vyhl\u00e1senie v\u00ed\u0165azov + Afterparty v Liptov ar\u00e9ne od 19:00 hod.<\/li><\/ul>\t\t\t\t\t\t<\/div>\n\t\t\t\t<\/div>\n\t\t\t\t<div class=\"elementor-element elementor-element-4edb1d2e elementor-widget elementor-widget-spacer\" data-id=\"4edb1d2e\" data-element_type=\"widget\" data-widget_type=\"spacer.default\">\n\t\t\t\t<div class=\"elementor-widget-container\">\n\t\t\t\t\t<div class=\"elementor-spacer\">\n\t\t\t<div class=\"elementor-spacer-inner\"><\/div>\n\t\t<\/div>\n\t\t\t\t<\/div>\n\t\t\t\t<\/div>\n\t\t\t\t<div class=\"elementor-element elementor-element-3fb72e0e elementor-widget elementor-widget-spacer\" data-id=\"3fb72e0e\" data-element_type=\"widget\" data-widget_type=\"spacer.default\">\n\t\t\t\t<div class=\"elementor-widget-container\">\n\t\t\t\t\t<div class=\"elementor-spacer\">\n\t\t\t<div class=\"elementor-spacer-inner\"><\/div>\n\t\t<\/div>\n\t\t\t\t<\/div>\n\t\t\t\t<\/div>\n\t\t\t\t<div class=\"elementor-element elementor-element-575b88c0 elementor-widget elementor-widget-spacer\" data-id=\"575b88c0\" data-element_type=\"widget\" data-widget_type=\"spacer.default\">\n\t\t\t\t<div class=\"elementor-widget-container\">\n\t\t\t\t\t<div class=\"elementor-spacer\">\n\t\t\t<div class=\"elementor-spacer-inner\"><\/div>\n\t\t<\/div>\n\t\t\t\t<\/div>\n\t\t\t\t<\/div>\n\t\t\t\t<div class=\"elementor-element elementor-element-2bfe8fb5 elementor-widget elementor-widget-spacer\" data-id=\"2bfe8fb5\" data-element_type=\"widget\" data-widget_type=\"spacer.default\">\n\t\t\t\t<div class=\"elementor-widget-container\">\n\t\t\t\t\t<div class=\"elementor-spacer\">\n\t\t\t<div class=\"elementor-spacer-inner\"><\/div>\n\t\t<\/div>\n\t\t\t\t<\/div>\n\t\t\t\t<\/div>\n\t\t\t\t\t<\/div>\n\t\t<\/div>\n\t\t\t\t\t\t\t<\/div>\n\t\t<\/section>\n\t\t\t\t<section class=\"elementor-section elementor-top-section elementor-element elementor-element-777f385 elementor-section-boxed elementor-section-height-default elementor-section-height-default\" data-id=\"777f385\" data-element_type=\"section\">\n\t\t\t\t\t\t<div class=\"elementor-container elementor-column-gap-default\">\n\t\t\t\t\t<div class=\"elementor-column elementor-col-100 elementor-top-column elementor-element elementor-element-2e17ed4\" data-id=\"2e17ed4\" data-element_type=\"column\">\n\t\t\t<div class=\"elementor-widget-wrap\">\n\t\t\t\t\t\t\t\t\t<\/div>\n\t\t<\/div>\n\t\t\t\t\t\t\t<\/div>\n\t\t<\/section>\n\t\t\t\t<section class=\"elementor-section elementor-top-section elementor-element elementor-element-28816242 elementor-section-full_width elementor-section-height-default elementor-section-height-default\" data-id=\"28816242\" data-element_type=\"section\">\n\t\t\t\t\t\t<div class=\"elementor-container elementor-column-gap-no\">\n\t\t\t\t\t<div class=\"elementor-column elementor-col-100 elementor-top-column elementor-element elementor-element-37ba6985\" data-id=\"37ba6985\" data-element_type=\"column\">\n\t\t\t<div class=\"elementor-widget-wrap elementor-element-populated\">\n\t\t\t\t\t\t\t\t<div class=\"elementor-element elementor-element-4f155a25 elementor-widget elementor-widget-spacer\" data-id=\"4f155a25\" data-element_type=\"widget\" data-widget_type=\"spacer.default\">\n\t\t\t\t<div class=\"elementor-widget-container\">\n\t\t\t\t\t<div class=\"elementor-spacer\">\n\t\t\t<div class=\"elementor-spacer-inner\"><\/div>\n\t\t<\/div>\n\t\t\t\t<\/div>\n\t\t\t\t<\/div>\n\t\t\t\t<div class=\"elementor-element elementor-element-49751dfb elementor-widget elementor-widget-shortcode\" data-id=\"49751dfb\" data-element_type=\"widget\" data-widget_type=\"shortcode.default\">\n\t\t\t\t<div class=\"elementor-widget-container\">\n\t\t\t\t\t<div class=\"elementor-shortcode\">\t\t<div data-elementor-type=\"section\" data-elementor-id=\"1898\" class=\"elementor elementor-1898 elementor-273\" data-elementor-post-type=\"elementor_library\">\n\t\t\t\t\t\t\t\t<section class=\"elementor-section elementor-top-section elementor-element elementor-element-709739a elementor-section-full_width infos elementor-section-stretched elementor-section-content-bottom elementor-section-height-default elementor-section-height-default\" data-id=\"709739a\" data-element_type=\"section\" data-settings=\"{&quot;background_background&quot;:&quot;classic&quot;,&quot;stretch_section&quot;:&quot;section-stretched&quot;}\">\n\t\t\t\t\t\t<div class=\"elementor-container elementor-column-gap-no\">\n\t\t\t\t\t<div class=\"elementor-column elementor-col-100 elementor-top-column elementor-element elementor-element-a61f577\" data-id=\"a61f577\" data-element_type=\"column\">\n\t\t\t<div class=\"elementor-widget-wrap elementor-element-populated\">\n\t\t\t\t\t\t\t\t<section class=\"elementor-section elementor-inner-section elementor-element elementor-element-52c966f mw elementor-section-boxed elementor-section-height-default elementor-section-height-default\" data-id=\"52c966f\" data-element_type=\"section\">\n\t\t\t\t\t\t<div class=\"elementor-container elementor-column-gap-default\">\n\t\t\t\t\t<div class=\"elementor-column elementor-col-33 elementor-inner-column elementor-element elementor-element-350834b\" data-id=\"350834b\" data-element_type=\"column\">\n\t\t\t<div class=\"elementor-widget-wrap elementor-element-populated\">\n\t\t\t\t\t\t\t\t<div class=\"elementor-element elementor-element-a8b33d6 color-box elementor-widget elementor-widget-text-editor\" data-id=\"a8b33d6\" data-element_type=\"widget\" data-widget_type=\"text-editor.default\">\n\t\t\t\t<div class=\"elementor-widget-container\">\n\t\t\t\t\t\t\t<h3 style=\"font-size: 38px; line-height: 0.9;\"><strong>60 SECONDS<\/strong><br \/>\n<strong>IN HURRICANE<br \/>\nFACTORY<\/strong><\/h3>\n<h4>Equivalent to a plane jump<\/h4>\n\t\t\t\t\t\t<\/div>\n\t\t\t\t<\/div>\n\t\t\t\t\t<\/div>\n\t\t<\/div>\n\t\t\t\t<div class=\"elementor-column elementor-col-33 elementor-inner-column elementor-element elementor-element-38b0e85\" data-id=\"38b0e85\" data-element_type=\"column\">\n\t\t\t<div class=\"elementor-widget-wrap elementor-element-populated\">\n\t\t\t\t\t\t\t\t<div class=\"elementor-element elementor-element-611f2ce orange-box elementor-widget elementor-widget-text-editor\" data-id=\"611f2ce\" data-element_type=\"widget\" data-widget_type=\"text-editor.default\">\n\t\t\t\t<div class=\"elementor-widget-container\">\n\t\t\t\t\t\t\t<h3 style=\"font-size: 38px; line-height: 0.9;\"><strong>SAFE<\/strong><br \/>\n<strong>AND FOR EVERYONE<\/strong><\/h3>\n<h4>From 5 to 100 years<\/h4>\n\t\t\t\t\t\t<\/div>\n\t\t\t\t<\/div>\n\t\t\t\t\t<\/div>\n\t\t<\/div>\n\t\t\t\t<div class=\"elementor-column elementor-col-33 elementor-inner-column elementor-element elementor-element-55d9465\" data-id=\"55d9465\" data-element_type=\"column\">\n\t\t\t<div class=\"elementor-widget-wrap elementor-element-populated\">\n\t\t\t\t\t\t\t\t<div class=\"elementor-element elementor-element-14ed610 red-box elementor-widget elementor-widget-text-editor\" data-id=\"14ed610\" data-element_type=\"widget\" data-widget_type=\"text-editor.default\">\n\t\t\t\t<div class=\"elementor-widget-container\">\n\t\t\t\t\t\t\t<h3 style=\"font-size:38px; line-height: 0.9;\"><strong>FOTO<\/strong><br \/>\n<strong>AND VIDEO<\/strong><\/h3>\n<h4>Available after flight<\/h4>\n\t\t\t\t\t\t<\/div>\n\t\t\t\t<\/div>\n\t\t\t\t\t<\/div>\n\t\t<\/div>\n\t\t\t\t\t\t\t<\/div>\n\t\t<\/section>\n\t\t\t\t\t<\/div>\n\t\t<\/div>\n\t\t\t\t\t\t\t<\/div>\n\t\t<\/section>\n\t\t\t\t\t\t<\/div>\n\t\t<\/div>\n\t\t\t\t<\/div>\n\t\t\t\t<\/div>\n\t\t\t\t\t<\/div>\n\t\t<\/div>\n\t\t\t\t\t\t\t<\/div>\n\t\t<\/section>\n\t\t\t\t<section class=\"elementor-section elementor-top-section elementor-element elementor-element-106c0b92 elementor-section-full_width elementor-section-height-default elementor-section-height-default\" data-id=\"106c0b92\" data-element_type=\"section\">\n\t\t\t\t\t\t<div class=\"elementor-container elementor-column-gap-no\">\n\t\t\t\t\t<div class=\"elementor-column elementor-col-100 elementor-top-column elementor-element elementor-element-6f934249\" data-id=\"6f934249\" data-element_type=\"column\">\n\t\t\t<div class=\"elementor-widget-wrap elementor-element-populated\">\n\t\t\t\t\t\t\t\t<div class=\"elementor-element elementor-element-5617cb2 elementor-widget elementor-widget-shortcode\" data-id=\"5617cb2\" data-element_type=\"widget\" data-widget_type=\"shortcode.default\">\n\t\t\t\t<div class=\"elementor-widget-container\">\n\t\t\t\t\t<div class=\"elementor-shortcode\">\t\t<div data-elementor-type=\"page\" data-elementor-id=\"1926\" class=\"elementor elementor-1926 elementor-927\" data-elementor-post-type=\"elementor_library\">\n\t\t\t\t\t\t\t\t\t<section class=\"elementor-section elementor-top-section elementor-element elementor-element-7caf200 elementor-section-height-min-height elementor-section-stretched elementor-section-full_width elementor-section-items-top elementor-section-height-default\" data-id=\"7caf200\" data-element_type=\"section\" data-settings=\"{&quot;background_background&quot;:&quot;classic&quot;,&quot;stretch_section&quot;:&quot;section-stretched&quot;}\">\n\t\t\t\t\t\t<div class=\"elementor-container elementor-column-gap-no\">\n\t\t\t\t\t<div class=\"elementor-column elementor-col-100 elementor-top-column elementor-element elementor-element-d37c5d1\" data-id=\"d37c5d1\" data-element_type=\"column\">\n\t\t\t<div class=\"elementor-widget-wrap elementor-element-populated\">\n\t\t\t\t\t\t\t\t<section class=\"elementor-section elementor-inner-section elementor-element elementor-element-daba0e4 elementor-section-content-middle elementor-section-boxed elementor-section-height-default elementor-section-height-default\" data-id=\"daba0e4\" data-element_type=\"section\">\n\t\t\t\t\t\t<div class=\"elementor-container elementor-column-gap-default\">\n\t\t\t\t\t<div class=\"elementor-column elementor-col-50 elementor-inner-column elementor-element elementor-element-815eda1\" data-id=\"815eda1\" data-element_type=\"column\">\n\t\t\t<div class=\"elementor-widget-wrap elementor-element-populated\">\n\t\t\t\t\t\t\t\t<div class=\"elementor-element elementor-element-80088a2 space-96 elementor-widget elementor-widget-spacer\" data-id=\"80088a2\" data-element_type=\"widget\" data-widget_type=\"spacer.default\">\n\t\t\t\t<div class=\"elementor-widget-container\">\n\t\t\t\t\t<div class=\"elementor-spacer\">\n\t\t\t<div class=\"elementor-spacer-inner\"><\/div>\n\t\t<\/div>\n\t\t\t\t<\/div>\n\t\t\t\t<\/div>\n\t\t\t\t<div class=\"elementor-element elementor-element-c814ec0 map-text elementor-widget elementor-widget-heading\" data-id=\"c814ec0\" data-element_type=\"widget\" data-widget_type=\"heading.default\">\n\t\t\t\t<div class=\"elementor-widget-container\">\n\t\t\t<h2 class=\"elementor-heading-title elementor-size-default\">HURRICANE<br>\nFACTORY<br>\nFAMILY<\/h2>\t\t<\/div>\n\t\t\t\t<\/div>\n\t\t\t\t<div class=\"elementor-element elementor-element-25ca97f space-60 elementor-widget elementor-widget-spacer\" data-id=\"25ca97f\" data-element_type=\"widget\" data-widget_type=\"spacer.default\">\n\t\t\t\t<div class=\"elementor-widget-container\">\n\t\t\t\t\t<div class=\"elementor-spacer\">\n\t\t\t<div class=\"elementor-spacer-inner\"><\/div>\n\t\t<\/div>\n\t\t\t\t<\/div>\n\t\t\t\t<\/div>\n\t\t\t\t<div class=\"elementor-element elementor-element-9427f38 elementor-widget elementor-widget-heading\" data-id=\"9427f38\" data-element_type=\"widget\" data-widget_type=\"heading.default\">\n\t\t\t\t<div class=\"elementor-widget-container\">\n\t\t\t<p class=\"elementor-heading-title elementor-size-default\">Select location<\/p>\t\t<\/div>\n\t\t\t\t<\/div>\n\t\t\t\t<div class=\"elementor-element elementor-element-526aabf button-select elementor-widget__width-auto elementor-widget elementor-widget-html\" data-id=\"526aabf\" data-element_type=\"widget\" data-widget_type=\"html.default\">\n\t\t\t\t<div class=\"elementor-widget-container\">\n\t\t\t<select name=\"location\" onchange=\"location = this.value;\"> <option value=\"\/\/www.hurricanefactory.com\/tatralandia\/sk\" selected=\"selected\">Tatralandia \/ Slovakia<\/option> <option value=\"\/\/www.hurricanefactory.com\/prague\/cs\">Prague \/ Czech Republic<\/option> <option value=\"\/\/www.hurricanefactory.com\/berlin\/de\">Berlin \/ Germany<\/option> <\/select>\t\t<\/div>\n\t\t\t\t<\/div>\n\t\t\t\t\t<\/div>\n\t\t<\/div>\n\t\t\t\t<div class=\"elementor-column elementor-col-50 elementor-inner-column elementor-element elementor-element-7130b25\" data-id=\"7130b25\" data-element_type=\"column\">\n\t\t\t<div class=\"elementor-widget-wrap\">\n\t\t\t\t\t\t\t\t\t<\/div>\n\t\t<\/div>\n\t\t\t\t\t\t\t<\/div>\n\t\t<\/section>\n\t\t\t\t<section class=\"elementor-section elementor-inner-section elementor-element elementor-element-7a2fc37 elementor-section-height-min-height mapa-box elementor-section-full_width elementor-section-content-top elementor-section-height-default\" data-id=\"7a2fc37\" data-element_type=\"section\" data-settings=\"{&quot;background_background&quot;:&quot;classic&quot;}\">\n\t\t\t\t\t\t<div class=\"elementor-container elementor-column-gap-default\">\n\t\t\t\t\t<div class=\"elementor-column elementor-col-100 elementor-inner-column elementor-element elementor-element-83cb8a5 map\" data-id=\"83cb8a5\" data-element_type=\"column\">\n\t\t\t<div class=\"elementor-widget-wrap elementor-element-populated\">\n\t\t\t\t\t\t\t\t<div class=\"elementor-element elementor-element-a34b292 elementor-widget elementor-widget-html\" data-id=\"a34b292\" data-element_type=\"widget\" data-widget_type=\"html.default\">\n\t\t\t\t<div class=\"elementor-widget-container\">\n\t\t\t<a style=\"width: fit-content; top: 214px;\r\n    right: 43px;\" class=\"pin\" href=\"\/\"><i><\/i> <span>Tatralandia \/ Slovakia<\/span><\/a>\t\t<\/div>\n\t\t\t\t<\/div>\n\t\t\t\t<div class=\"elementor-element elementor-element-7313262 elementor-widget elementor-widget-html\" data-id=\"7313262\" data-element_type=\"widget\" data-widget_type=\"html.default\">\n\t\t\t\t<div class=\"elementor-widget-container\">\n\t\t\t<a style=\"width: fit-content; top: 198px;\r\n    right: 355px;\" class=\"pin\" href=\"https:\/\/www.hurricanefactory.com\/prague\/cs\"><span>Prague \/ Czech Republic<\/span><i><\/i><\/a>\t\t<\/div>\n\t\t\t\t<\/div>\n\t\t\t\t<div class=\"elementor-element elementor-element-10bbaf4 elementor-widget elementor-widget-html\" data-id=\"10bbaf4\" data-element_type=\"widget\" data-widget_type=\"html.default\">\n\t\t\t\t<div class=\"elementor-widget-container\">\n\t\t\t<a style=\"width: fit-content; top: 146px;\n    right: 188px;\" class=\"pin\" href=\"https:\/\/www.hurricanefactory.com\/berlin\/de\"><i><\/i> <span>Berlin \/ Germany<\/span><\/a>\t\t<\/div>\n\t\t\t\t<\/div>\n\t\t\t\t\t<\/div>\n\t\t<\/div>\n\t\t\t\t\t\t\t<\/div>\n\t\t<\/section>\n\t\t\t\t\t<\/div>\n\t\t<\/div>\n\t\t\t\t\t\t\t<\/div>\n\t\t<\/section>\n\t\t\t\t\t\t\t<\/div>\n\t\t<\/div>\n\t\t\t\t<\/div>\n\t\t\t\t<\/div>\n\t\t\t\t\t<\/div>\n\t\t<\/div>\n\t\t\t\t\t\t\t<\/div>\n\t\t<\/section>\n\t\t\t\t\t\t\t<\/div>\n\t\t","protected":false},"excerpt":{"rendered":"<p>4. MAJSTROVSTV\u00c1 SVETA V INDOOR SKYDIVINGU WISC 2023 19. \u2013 22. apr\u00edl 2023, Hurricane Factory Tatralandia Pr\u00ed\u010fte povzbudi\u0165 \u0161portovcovz cel\u00e9ho sveta do Liptov Ar\u00e9ny! Pribli\u017ene 250 s\u00fa\u0165a\u017eiacich z cel\u00e9ho sveta sa kone\u010dne po \u0161tyroch rokoch z\u00eddu na Majstrovstv\u00e1ch sveta. A chcete sa sta\u0165 svedkom tohto \u00fa\u017easn\u00e9ho podujatia na\u017eivo? Nielen\u017ee budete ma\u0165 mo\u017enos\u0165 sledova\u0165 najlep\u0161\u00edch indoor [&hellip;]<\/p>\n","protected":false},"author":2,"featured_media":0,"parent":0,"menu_order":0,"comment_status":"closed","ping_status":"closed","template":"","meta":{"inline_featured_image":false,"footnotes":""},"_links":{"self":[{"href":"https:\/\/hurricanefactory.sk\/en\/wp-json\/wp\/v2\/pages\/11132"}],"collection":[{"href":"https:\/\/hurricanefactory.sk\/en\/wp-json\/wp\/v2\/pages"}],"about":[{"href":"https:\/\/hurricanefactory.sk\/en\/wp-json\/wp\/v2\/types\/page"}],"author":[{"embeddable":true,"href":"https:\/\/hurricanefactory.sk\/en\/wp-json\/wp\/v2\/users\/2"}],"replies":[{"embeddable":true,"href":"https:\/\/hurricanefactory.sk\/en\/wp-json\/wp\/v2\/comments?post=11132"}],"version-history":[{"count":5,"href":"https:\/\/hurricanefactory.sk\/en\/wp-json\/wp\/v2\/pages\/11132\/revisions"}],"predecessor-version":[{"id":11145,"href":"https:\/\/hurricanefactory.sk\/en\/wp-json\/wp\/v2\/pages\/11132\/revisions\/11145"}],"wp:attachment":[{"href":"https:\/\/hurricanefactory.sk\/en\/wp-json\/wp\/v2\/media?parent=11132"}],"curies":[{"name":"wp","href":"https:\/\/api.w.org\/{rel}","templated":true}]}}