{"id":6,"date":"2020-01-08T09:28:54","date_gmt":"2020-01-08T08:28:54","guid":{"rendered":"https:\/\/hurricanefactory.sk\/?page_id=6"},"modified":"2020-01-10T08:37:08","modified_gmt":"2020-01-10T07:37:08","slug":"funflight","status":"publish","type":"page","link":"https:\/\/hurricanefactory.sk\/en\/funflight\/","title":{"rendered":"Go Flying"},"content":{"rendered":"\r\n<p>M\u00f4\u017eete by\u0165 umelec, ktor\u00fd r\u00e1d predstav\u00ed seba a svoju pr\u00e1cu alebo ste firma s misiou na op\u00edsanie.<\/p>\r\n","protected":false},"excerpt":{"rendered":"<p>M\u00f4\u017eete by\u0165 umelec, ktor\u00fd r\u00e1d predstav\u00ed seba a svoju pr\u00e1cu alebo ste firma s misiou na op\u00edsanie.<\/p>\n","protected":false},"author":1,"featured_media":0,"parent":0,"menu_order":0,"comment_status":"closed","ping_status":"closed","template":"","meta":{"inline_featured_image":false,"footnotes":""},"_links":{"self":[{"href":"https:\/\/hurricanefactory.sk\/en\/wp-json\/wp\/v2\/pages\/6"}],"collection":[{"href":"https:\/\/hurricanefactory.sk\/en\/wp-json\/wp\/v2\/pages"}],"about":[{"href":"https:\/\/hurricanefactory.sk\/en\/wp-json\/wp\/v2\/types\/page"}],"author":[{"embeddable":true,"href":"https:\/\/hurricanefactory.sk\/en\/wp-json\/wp\/v2\/users\/1"}],"replies":[{"embeddable":true,"href":"https:\/\/hurricanefactory.sk\/en\/wp-json\/wp\/v2\/comments?post=6"}],"version-history":[{"count":4,"href":"https:\/\/hurricanefactory.sk\/en\/wp-json\/wp\/v2\/pages\/6\/revisions"}],"predecessor-version":[{"id":67,"href":"https:\/\/hurricanefactory.sk\/en\/wp-json\/wp\/v2\/pages\/6\/revisions\/67"}],"wp:attachment":[{"href":"https:\/\/hurricanefactory.sk\/en\/wp-json\/wp\/v2\/media?parent=6"}],"curies":[{"name":"wp","href":"https:\/\/api.w.org\/{rel}","templated":true}]}}