{"id":4065,"date":"2021-01-08T13:36:04","date_gmt":"2021-01-08T12:36:04","guid":{"rendered":"https:\/\/hurricanefactory.sk\/?post_type=product&#038;p=4065"},"modified":"2023-06-06T12:15:20","modified_gmt":"2023-06-06T10:15:20","slug":"panske-tricko-hurricane","status":"publish","type":"product","link":"https:\/\/hurricanefactory.sk\/en\/produkt\/panske-tricko-hurricane\/","title":{"rendered":"P\u00e1nske tri\u010dko Hurricane"},"content":{"rendered":"","protected":false},"excerpt":{"rendered":"<p>P\u00e1nske tri\u010dko s kr\u00e1tkym ruk\u00e1vom.<\/p>\n","protected":false},"featured_media":5666,"template":"","meta":{"inline_featured_image":false},"_links":{"self":[{"href":"https:\/\/hurricanefactory.sk\/en\/wp-json\/wp\/v2\/product\/4065"}],"collection":[{"href":"https:\/\/hurricanefactory.sk\/en\/wp-json\/wp\/v2\/product"}],"about":[{"href":"https:\/\/hurricanefactory.sk\/en\/wp-json\/wp\/v2\/types\/product"}],"version-history":[{"count":4,"href":"https:\/\/hurricanefactory.sk\/en\/wp-json\/wp\/v2\/product\/4065\/revisions"}],"predecessor-version":[{"id":5711,"href":"https:\/\/hurricanefactory.sk\/en\/wp-json\/wp\/v2\/product\/4065\/revisions\/5711"}],"wp:featuredmedia":[{"embeddable":true,"href":"https:\/\/hurricanefactory.sk\/en\/wp-json\/wp\/v2\/media\/5666"}],"wp:attachment":[{"href":"https:\/\/hurricanefactory.sk\/en\/wp-json\/wp\/v2\/media?parent=4065"}],"curies":[{"name":"wp","href":"https:\/\/api.w.org\/{rel}","templated":true}]}}