{"id":1789,"date":"2020-01-21T10:57:18","date_gmt":"2020-01-21T09:57:18","guid":{"rendered":"https:\/\/hurricanefactory.sk\/o-nas\/"},"modified":"2022-02-03T09:05:42","modified_gmt":"2022-02-03T08:05:42","slug":"o-nas","status":"publish","type":"page","link":"https:\/\/hurricanefactory.sk\/pl\/o-nas\/","title":{"rendered":"O nas"},"content":{"rendered":"\t\t<div data-elementor-type=\"wp-page\" data-elementor-id=\"1789\" class=\"elementor elementor-1789 elementor-87\" data-elementor-post-type=\"page\">\n\t\t\t\t\t\t\t\t\t<section class=\"elementor-section elementor-top-section elementor-element elementor-element-f4f0856 title elementor-section-boxed elementor-section-height-default elementor-section-height-default\" data-id=\"f4f0856\" data-element_type=\"section\" data-settings=\"{&quot;background_background&quot;:&quot;classic&quot;}\">\n\t\t\t\t\t\t\t<div class=\"elementor-background-overlay\"><\/div>\n\t\t\t\t\t\t\t<div class=\"elementor-container elementor-column-gap-default\">\n\t\t\t\t\t<div class=\"elementor-column elementor-col-100 elementor-top-column elementor-element elementor-element-f28d3d2\" data-id=\"f28d3d2\" data-element_type=\"column\">\n\t\t\t<div class=\"elementor-widget-wrap elementor-element-populated\">\n\t\t\t\t\t\t\t\t<div class=\"elementor-element elementor-element-900bd72 elementor-widget elementor-widget-heading\" data-id=\"900bd72\" data-element_type=\"widget\" data-widget_type=\"heading.default\">\n\t\t\t\t<div class=\"elementor-widget-container\">\n\t\t\t<h1 class=\"elementor-heading-title elementor-size-xxl\">NASZA HISTORIA<\/h1>\t\t<\/div>\n\t\t\t\t<\/div>\n\t\t\t\t<div class=\"elementor-element elementor-element-dd340f7 elementor-widget elementor-widget-heading\" data-id=\"dd340f7\" data-element_type=\"widget\" data-widget_type=\"heading.default\">\n\t\t\t\t<div class=\"elementor-widget-container\">\n\t\t\t<p class=\"elementor-heading-title elementor-size-medium\">Hurricane Factory zosta\u0142a za\u0142o\u017cona w 2012 roku. Od tego czasu zapewnia niezwyk\u0142e wra\u017cenia w postaci samokoryguj\u0105cego latania, znanego r\u00f3wnie\u017c jako skoki spadochronowe w pomieszczeniach lub loty w ciele.<\/p>\t\t<\/div>\n\t\t\t\t<\/div>\n\t\t\t\t\t<\/div>\n\t\t<\/div>\n\t\t\t\t\t\t\t<\/div>\n\t\t<\/section>\n\t\t\t\t<section class=\"elementor-section elementor-top-section elementor-element elementor-element-edc484b elementor-section-boxed elementor-section-height-default elementor-section-height-default\" data-id=\"edc484b\" data-element_type=\"section\">\n\t\t\t\t\t\t<div class=\"elementor-container elementor-column-gap-default\">\n\t\t\t\t\t<div class=\"elementor-column elementor-col-100 elementor-top-column elementor-element elementor-element-d705fb5\" data-id=\"d705fb5\" data-element_type=\"column\">\n\t\t\t<div class=\"elementor-widget-wrap elementor-element-populated\">\n\t\t\t\t\t\t\t\t<div class=\"elementor-element elementor-element-85c2e27 elementor-widget elementor-widget-spacer\" data-id=\"85c2e27\" data-element_type=\"widget\" data-widget_type=\"spacer.default\">\n\t\t\t\t<div class=\"elementor-widget-container\">\n\t\t\t\t\t<div class=\"elementor-spacer\">\n\t\t\t<div class=\"elementor-spacer-inner\"><\/div>\n\t\t<\/div>\n\t\t\t\t<\/div>\n\t\t\t\t<\/div>\n\t\t\t\t<div class=\"elementor-element elementor-element-601fcad elementor-widget elementor-widget-heading\" data-id=\"601fcad\" data-element_type=\"widget\" data-widget_type=\"heading.default\">\n\t\t\t\t<div class=\"elementor-widget-container\">\n\t\t\t<h2 class=\"elementor-heading-title elementor-size-xl\">PRAHA, TATRALANDIA A BERL\u00cdN<\/h2>\t\t<\/div>\n\t\t\t\t<\/div>\n\t\t\t\t\t<\/div>\n\t\t<\/div>\n\t\t\t\t\t\t\t<\/div>\n\t\t<\/section>\n\t\t\t\t<section class=\"elementor-section elementor-top-section elementor-element elementor-element-ff901e3 elementor-section-boxed elementor-section-height-default elementor-section-height-default\" data-id=\"ff901e3\" data-element_type=\"section\">\n\t\t\t\t\t\t<div class=\"elementor-container elementor-column-gap-default\">\n\t\t\t\t\t<div class=\"elementor-column elementor-col-100 elementor-top-column elementor-element elementor-element-95d4fdd\" data-id=\"95d4fdd\" data-element_type=\"column\">\n\t\t\t<div class=\"elementor-widget-wrap elementor-element-populated\">\n\t\t\t\t\t\t\t\t<div class=\"elementor-element elementor-element-d7227ef elementor-widget elementor-widget-text-editor\" data-id=\"d7227ef\" data-element_type=\"widget\" data-widget_type=\"text-editor.default\">\n\t\t\t\t<div class=\"elementor-widget-container\">\n\t\t\t\t\t\t\t<p>Pierwszy tunel aerodynamiczny Hurricane Factory znajduje si\u0119 w Pradze &#8211; Let\u0148any. Zosta\u0142 zbudowany przez Czech Engineering Works Litv\u00ednov jako ich pierwszy tzw. tunel aerodynamiczny. Jest to udany projekt, tunel nadal dzia\u0142a, a jego popularno\u015b\u0107 i liczba godzin lot\u00f3w ro\u015bnie z ka\u017cdym rokiem.<\/p>\n<p>W 2013 r., Po uko\u0144czeniu tunelu w Pradze, Hurricane Factory otworzy\u0142o kolejn\u0105 na S\u0142owacji, w regionie Liptowa. Tunel ten jest cz\u0119\u015bci\u0105 du\u017cego kurortu wakacyjnego z parkiem wodnym i jest otoczony Tatrami Niskimi i Wysokimi oraz innymi majestatycznymi g\u00f3rami. Dlatego tunel nazwano Tatralandia.<\/p>\n<p>W 2017 roku Hurricane Factory otworzy\u0142o kolejny tunel aerodynamiczny w Berlinie w Niemczech. Tunel ten r\u00f3\u017cni si\u0119 od poprzednich nie tylko najnowsz\u0105 technologi\u0105 i designem, ale tak\u017ce rozmiarem. Okr\u0105g\u0142a szklana komora tuneli w Pradze i S\u0142owacji ma \u015brednic\u0119 4,3 m (14 st\u00f3p). Komora lotnicza w tunelu berli\u0144skim ma \u015brednic\u0119 5,2 m (17 st\u00f3p).<\/p>\n\t\t\t\t\t\t<\/div>\n\t\t\t\t<\/div>\n\t\t\t\t<div class=\"elementor-element elementor-element-107d9c0 elementor-widget elementor-widget-spacer\" data-id=\"107d9c0\" data-element_type=\"widget\" data-widget_type=\"spacer.default\">\n\t\t\t\t<div class=\"elementor-widget-container\">\n\t\t\t\t\t<div class=\"elementor-spacer\">\n\t\t\t<div class=\"elementor-spacer-inner\"><\/div>\n\t\t<\/div>\n\t\t\t\t<\/div>\n\t\t\t\t<\/div>\n\t\t\t\t<div class=\"elementor-element elementor-element-9cbf79f elementor-widget elementor-widget-heading\" data-id=\"9cbf79f\" data-element_type=\"widget\" data-widget_type=\"heading.default\">\n\t\t\t\t<div class=\"elementor-widget-container\">\n\t\t\t<h2 class=\"elementor-heading-title elementor-size-xl\">ORGANIZUJEMY IMPREZY I KONKURSY WEWN\u0118TRZNE SKYDIVING<\/h2>\t\t<\/div>\n\t\t\t\t<\/div>\n\t\t\t\t<div class=\"elementor-element elementor-element-9a90c06 elementor-widget elementor-widget-text-editor\" data-id=\"9a90c06\" data-element_type=\"widget\" data-widget_type=\"text-editor.default\">\n\t\t\t\t<div class=\"elementor-widget-container\">\n\t\t\t\t\t\t\t<p>Ale Hurricane Factory to nie tylko operator tunelu aerodynamicznego. Na przyk\u0142ad Knights of Prague, 4way Dynamic International Competition w 2013 r., Pom\u00f3g\u0142 ustanowi\u0107 punkt odniesienia w organizowaniu zawod\u00f3w w skokach spadochronowych na ca\u0142ym \u015bwiecie, a tak\u017ce wspar\u0142 rozw\u00f3j dynamicznego latania jako nowej dyscypliny w w ramach tego sportu.<\/p>\n<p>Innym wa\u017cnym wydarzeniem organizowanym przez Hurricane Factory by\u0142y 1. \u015awiatowe Mistrzostwa \u015awiata w Skokach Skokowych FAI, kt\u00f3re odby\u0142y si\u0119 w 2015 r. By\u0142y to pierwsze oficjalne Mistrzostwa \u015awiata w tunelach organizowane pod patronatem Mi\u0119dzynarodowego Stowarzyszenia Lotniczego FAI. Jeste\u015bmy szczeg\u00f3lnie dumni z faktu, \u017ce przedstawiciele i instruktorzy Hurricane Factory uczestniczyli we wszystkich pi\u0119ciu dyscyplinach &#8211; Formation Skydiving, Vertical Formation Skydiving, Freestyle, Dynamic 4way i 2WAY.<\/p>\n<p>Hurricane Factory obs\u0142uguje wielu lotnik\u00f3w i dru\u017cyny. Niekt\u00f3rzy z tych, kt\u00f3rzy rozpocz\u0119li nauk\u0119 latania w naszych tunelach aerodynamicznych, s\u0105 jednocze\u015bnie zaliczani do najlepszych linii lotniczych na \u015bwiecie. Inni lataj\u0105 po prostu dlatego, \u017ce lubi\u0105 to lub chc\u0105 do\u015bwiadczy\u0107 czego\u015b nowego i wyj\u0105tkowego.<\/p>\n\t\t\t\t\t\t<\/div>\n\t\t\t\t<\/div>\n\t\t\t\t<div class=\"elementor-element elementor-element-8bfb23c elementor-widget elementor-widget-spacer\" data-id=\"8bfb23c\" data-element_type=\"widget\" data-widget_type=\"spacer.default\">\n\t\t\t\t<div class=\"elementor-widget-container\">\n\t\t\t\t\t<div class=\"elementor-spacer\">\n\t\t\t<div class=\"elementor-spacer-inner\"><\/div>\n\t\t<\/div>\n\t\t\t\t<\/div>\n\t\t\t\t<\/div>\n\t\t\t\t<div class=\"elementor-element elementor-element-4ecfd9b elementor-widget elementor-widget-video\" data-id=\"4ecfd9b\" data-element_type=\"widget\" data-settings=\"{&quot;youtube_url&quot;:&quot;https:\\\/\\\/www.youtube.com\\\/watch?v=8Sz-f4-MgNY&amp;ab_channel=HurricaneFactoryTatralandia&quot;,&quot;video_type&quot;:&quot;youtube&quot;,&quot;controls&quot;:&quot;yes&quot;}\" data-widget_type=\"video.default\">\n\t\t\t\t<div class=\"elementor-widget-container\">\n\t\t\t\t\t<div class=\"elementor-wrapper elementor-open-inline\">\n\t\t\t<div class=\"elementor-video\"><\/div>\t\t<\/div>\n\t\t\t\t<\/div>\n\t\t\t\t<\/div>\n\t\t\t\t<div class=\"elementor-element elementor-element-50a2d1f elementor-widget elementor-widget-spacer\" data-id=\"50a2d1f\" data-element_type=\"widget\" data-widget_type=\"spacer.default\">\n\t\t\t\t<div class=\"elementor-widget-container\">\n\t\t\t\t\t<div class=\"elementor-spacer\">\n\t\t\t<div class=\"elementor-spacer-inner\"><\/div>\n\t\t<\/div>\n\t\t\t\t<\/div>\n\t\t\t\t<\/div>\n\t\t\t\t<div class=\"elementor-element elementor-element-51e1928 elementor-widget elementor-widget-heading\" data-id=\"51e1928\" data-element_type=\"widget\" data-widget_type=\"heading.default\">\n\t\t\t\t<div class=\"elementor-widget-container\">\n\t\t\t<h3 class=\"elementor-heading-title elementor-size-large\">WYJ\u0104TKOWA TECHNOLOGIA<\/h3>\t\t<\/div>\n\t\t\t\t<\/div>\n\t\t\t\t<div class=\"elementor-element elementor-element-9061619 elementor-widget elementor-widget-text-editor\" data-id=\"9061619\" data-element_type=\"widget\" data-widget_type=\"text-editor.default\">\n\t\t\t\t<div class=\"elementor-widget-container\">\n\t\t\t\t\t\t\t<p>Stroj\u00e1rny Litv\u00ednov jest firm\u0105 eksperck\u0105 w dziedzinie obr\u00f3bki metali konwencjonalnych i CNC. Wsp\u00f3\u0142pracuj\u0105 z Hurricane Factory od momentu powstania firmy, a od czasu budowy naszego pierwszego tunelu aerodynamicznego w Pradze, ich dzia\u0142alno\u015b\u0107 rozprzestrzeni\u0142a si\u0119 na ca\u0142\u0105 Europ\u0119. Jednocze\u015bnie ich tunele aerodynamiczne dzia\u0142aj\u0105 r\u00f3wnie\u017c w Belgii, Francji, Rosji, Hiszpanii, Szwajcarii i na S\u0142owacji. Inne s\u0105 obecnie w budowie w Niemczech, Polsce i we W\u0142oszech.<\/p>\n\t\t\t\t\t\t<\/div>\n\t\t\t\t<\/div>\n\t\t\t\t<div class=\"elementor-element elementor-element-e215efe elementor-widget elementor-widget-spacer\" data-id=\"e215efe\" data-element_type=\"widget\" data-widget_type=\"spacer.default\">\n\t\t\t\t<div class=\"elementor-widget-container\">\n\t\t\t\t\t<div class=\"elementor-spacer\">\n\t\t\t<div class=\"elementor-spacer-inner\"><\/div>\n\t\t<\/div>\n\t\t\t\t<\/div>\n\t\t\t\t<\/div>\n\t\t\t\t<div class=\"elementor-element elementor-element-989d0e1 elementor-widget elementor-widget-image\" data-id=\"989d0e1\" data-element_type=\"widget\" data-widget_type=\"image.default\">\n\t\t\t\t<div class=\"elementor-widget-container\">\n\t\t\t\t\t\t\t\t\t\t\t\t\t\t\t<img decoding=\"async\" loading=\"lazy\" width=\"780\" height=\"522\" src=\"https:\/\/hurricanefactory.sk\/wp-content\/uploads\/2020\/01\/technology.jpg\" class=\"attachment-large size-large wp-image-268\" alt=\"\" srcset=\"https:\/\/hurricanefactory.sk\/wp-content\/uploads\/2020\/01\/technology.jpg 780w, https:\/\/hurricanefactory.sk\/wp-content\/uploads\/2020\/01\/technology-600x402.jpg 600w, https:\/\/hurricanefactory.sk\/wp-content\/uploads\/2020\/01\/technology-300x201.jpg 300w, https:\/\/hurricanefactory.sk\/wp-content\/uploads\/2020\/01\/technology-768x514.jpg 768w\" sizes=\"(max-width: 780px) 100vw, 780px\" \/>\t\t\t\t\t\t\t\t\t\t\t\t\t\t\t<\/div>\n\t\t\t\t<\/div>\n\t\t\t\t<div class=\"elementor-element elementor-element-9d6a3d8 elementor-widget elementor-widget-text-editor\" data-id=\"9d6a3d8\" data-element_type=\"widget\" data-widget_type=\"text-editor.default\">\n\t\t\t\t<div class=\"elementor-widget-container\">\n\t\t\t\t\t\t\t<h4>FABRYKA HURRIKANU TO MARZENIA O LATANIU<br \/>\nSta\u0142y si\u0119 rzeczywisto\u015bci\u0105<\/h4>\n\t\t\t\t\t\t<\/div>\n\t\t\t\t<\/div>\n\t\t\t\t\t<\/div>\n\t\t<\/div>\n\t\t\t\t\t\t\t<\/div>\n\t\t<\/section>\n\t\t\t\t<section class=\"elementor-section elementor-top-section elementor-element elementor-element-ffa58cc elementor-section-full_width elementor-section-height-default elementor-section-height-default\" data-id=\"ffa58cc\" data-element_type=\"section\">\n\t\t\t\t\t\t<div class=\"elementor-container elementor-column-gap-no\">\n\t\t\t\t\t<div class=\"elementor-column elementor-col-100 elementor-top-column elementor-element elementor-element-f28d1c5\" data-id=\"f28d1c5\" data-element_type=\"column\">\n\t\t\t<div class=\"elementor-widget-wrap elementor-element-populated\">\n\t\t\t\t\t\t\t\t<div class=\"elementor-element elementor-element-2f51e04 elementor-widget elementor-widget-spacer\" data-id=\"2f51e04\" data-element_type=\"widget\" data-widget_type=\"spacer.default\">\n\t\t\t\t<div class=\"elementor-widget-container\">\n\t\t\t\t\t<div class=\"elementor-spacer\">\n\t\t\t<div class=\"elementor-spacer-inner\"><\/div>\n\t\t<\/div>\n\t\t\t\t<\/div>\n\t\t\t\t<\/div>\n\t\t\t\t<div class=\"elementor-element elementor-element-933a649 elementor-widget elementor-widget-shortcode\" data-id=\"933a649\" data-element_type=\"widget\" data-widget_type=\"shortcode.default\">\n\t\t\t\t<div class=\"elementor-widget-container\">\n\t\t\t\t\t<div class=\"elementor-shortcode\">\t\t<div data-elementor-type=\"section\" data-elementor-id=\"2230\" class=\"elementor elementor-2230 elementor-273\" data-elementor-post-type=\"elementor_library\">\n\t\t\t\t\t\t\t\t<section class=\"elementor-section elementor-top-section elementor-element elementor-element-709739a elementor-section-full_width infos elementor-section-stretched elementor-section-content-bottom elementor-section-height-default elementor-section-height-default\" data-id=\"709739a\" data-element_type=\"section\" data-settings=\"{&quot;background_background&quot;:&quot;classic&quot;,&quot;stretch_section&quot;:&quot;section-stretched&quot;}\">\n\t\t\t\t\t\t<div class=\"elementor-container elementor-column-gap-no\">\n\t\t\t\t\t<div class=\"elementor-column elementor-col-100 elementor-top-column elementor-element elementor-element-a61f577\" data-id=\"a61f577\" data-element_type=\"column\">\n\t\t\t<div class=\"elementor-widget-wrap elementor-element-populated\">\n\t\t\t\t\t\t\t\t<section class=\"elementor-section elementor-inner-section elementor-element elementor-element-52c966f mw elementor-section-boxed elementor-section-height-default elementor-section-height-default\" data-id=\"52c966f\" data-element_type=\"section\">\n\t\t\t\t\t\t<div class=\"elementor-container elementor-column-gap-default\">\n\t\t\t\t\t<div class=\"elementor-column elementor-col-33 elementor-inner-column elementor-element elementor-element-350834b\" data-id=\"350834b\" data-element_type=\"column\">\n\t\t\t<div class=\"elementor-widget-wrap elementor-element-populated\">\n\t\t\t\t\t\t\t\t<div class=\"elementor-element elementor-element-a8b33d6 color-box elementor-widget elementor-widget-text-editor\" data-id=\"a8b33d6\" data-element_type=\"widget\" data-widget_type=\"text-editor.default\">\n\t\t\t\t<div class=\"elementor-widget-container\">\n\t\t\t\t\t\t\t<h3 style=\"font-size: 38px; line-height: 0.9;\"><strong>60 SEKUND<\/strong><br \/>\n<strong>V HURRICANE<br \/>\nFACTORY<\/strong><\/h3>\n<h4>Odpowiednik skoku z samolotu<\/h4>\n\t\t\t\t\t\t<\/div>\n\t\t\t\t<\/div>\n\t\t\t\t\t<\/div>\n\t\t<\/div>\n\t\t\t\t<div class=\"elementor-column elementor-col-33 elementor-inner-column elementor-element elementor-element-38b0e85\" data-id=\"38b0e85\" data-element_type=\"column\">\n\t\t\t<div class=\"elementor-widget-wrap elementor-element-populated\">\n\t\t\t\t\t\t\t\t<div class=\"elementor-element elementor-element-611f2ce orange-box elementor-widget elementor-widget-text-editor\" data-id=\"611f2ce\" data-element_type=\"widget\" data-widget_type=\"text-editor.default\">\n\t\t\t\t<div class=\"elementor-widget-container\">\n\t\t\t\t\t\t\t<h3 style=\"font-size: 38px; line-height: 0.9;\"><strong>SAFE<\/strong><br \/>\n<strong>I DLA KA\u017bDEGO<\/strong><\/h3>\n<h4>Od 5 do 100 lat<\/h4>\n\t\t\t\t\t\t<\/div>\n\t\t\t\t<\/div>\n\t\t\t\t\t<\/div>\n\t\t<\/div>\n\t\t\t\t<div class=\"elementor-column elementor-col-33 elementor-inner-column elementor-element elementor-element-55d9465\" data-id=\"55d9465\" data-element_type=\"column\">\n\t\t\t<div class=\"elementor-widget-wrap elementor-element-populated\">\n\t\t\t\t\t\t\t\t<div class=\"elementor-element elementor-element-14ed610 red-box elementor-widget elementor-widget-text-editor\" data-id=\"14ed610\" data-element_type=\"widget\" data-widget_type=\"text-editor.default\">\n\t\t\t\t<div class=\"elementor-widget-container\">\n\t\t\t\t\t\t\t<h3 style=\"font-size: 38px; line-height: 0.9;\"><strong>FOTO<\/strong><br \/>\n<strong>I WIDEO<\/strong><\/h3>\n<h4>Dost\u0119pne po locie<\/h4>\n\t\t\t\t\t\t<\/div>\n\t\t\t\t<\/div>\n\t\t\t\t\t<\/div>\n\t\t<\/div>\n\t\t\t\t\t\t\t<\/div>\n\t\t<\/section>\n\t\t\t\t\t<\/div>\n\t\t<\/div>\n\t\t\t\t\t\t\t<\/div>\n\t\t<\/section>\n\t\t\t\t\t\t<\/div>\n\t\t<\/div>\n\t\t\t\t<\/div>\n\t\t\t\t<\/div>\n\t\t\t\t<div class=\"elementor-element elementor-element-9c41e44 elementor-widget elementor-widget-shortcode\" data-id=\"9c41e44\" data-element_type=\"widget\" data-widget_type=\"shortcode.default\">\n\t\t\t\t<div class=\"elementor-widget-container\">\n\t\t\t\t\t<div class=\"elementor-shortcode\">\t\t<div data-elementor-type=\"page\" data-elementor-id=\"2225\" class=\"elementor elementor-2225 elementor-927\" data-elementor-post-type=\"elementor_library\">\n\t\t\t\t\t\t\t\t\t<section class=\"elementor-section elementor-top-section elementor-element elementor-element-7caf200 elementor-section-height-min-height elementor-section-stretched elementor-section-full_width elementor-section-items-top elementor-section-height-default\" data-id=\"7caf200\" data-element_type=\"section\" data-settings=\"{&quot;background_background&quot;:&quot;classic&quot;,&quot;stretch_section&quot;:&quot;section-stretched&quot;}\">\n\t\t\t\t\t\t<div class=\"elementor-container elementor-column-gap-no\">\n\t\t\t\t\t<div class=\"elementor-column elementor-col-100 elementor-top-column elementor-element elementor-element-d37c5d1\" data-id=\"d37c5d1\" data-element_type=\"column\">\n\t\t\t<div class=\"elementor-widget-wrap elementor-element-populated\">\n\t\t\t\t\t\t\t\t<section class=\"elementor-section elementor-inner-section elementor-element elementor-element-daba0e4 elementor-section-content-middle elementor-section-boxed elementor-section-height-default elementor-section-height-default\" data-id=\"daba0e4\" data-element_type=\"section\">\n\t\t\t\t\t\t<div class=\"elementor-container elementor-column-gap-default\">\n\t\t\t\t\t<div class=\"elementor-column elementor-col-50 elementor-inner-column elementor-element elementor-element-815eda1\" data-id=\"815eda1\" data-element_type=\"column\">\n\t\t\t<div class=\"elementor-widget-wrap elementor-element-populated\">\n\t\t\t\t\t\t\t\t<div class=\"elementor-element elementor-element-80088a2 elementor-widget elementor-widget-spacer\" data-id=\"80088a2\" data-element_type=\"widget\" data-widget_type=\"spacer.default\">\n\t\t\t\t<div class=\"elementor-widget-container\">\n\t\t\t\t\t<div class=\"elementor-spacer\">\n\t\t\t<div class=\"elementor-spacer-inner\"><\/div>\n\t\t<\/div>\n\t\t\t\t<\/div>\n\t\t\t\t<\/div>\n\t\t\t\t<div class=\"elementor-element elementor-element-c814ec0 map-text elementor-widget elementor-widget-heading\" data-id=\"c814ec0\" data-element_type=\"widget\" data-widget_type=\"heading.default\">\n\t\t\t\t<div class=\"elementor-widget-container\">\n\t\t\t<h2 class=\"elementor-heading-title elementor-size-default\">HURRICANE<br>FACTORY<br>FAMILY<\/h2>\t\t<\/div>\n\t\t\t\t<\/div>\n\t\t\t\t<div class=\"elementor-element elementor-element-25ca97f elementor-widget elementor-widget-spacer\" data-id=\"25ca97f\" data-element_type=\"widget\" data-widget_type=\"spacer.default\">\n\t\t\t\t<div class=\"elementor-widget-container\">\n\t\t\t\t\t<div class=\"elementor-spacer\">\n\t\t\t<div class=\"elementor-spacer-inner\"><\/div>\n\t\t<\/div>\n\t\t\t\t<\/div>\n\t\t\t\t<\/div>\n\t\t\t\t<div class=\"elementor-element elementor-element-9427f38 elementor-widget elementor-widget-heading\" data-id=\"9427f38\" data-element_type=\"widget\" data-widget_type=\"heading.default\">\n\t\t\t\t<div class=\"elementor-widget-container\">\n\t\t\t<p class=\"elementor-heading-title elementor-size-default\">Wybierz swoj\u0105 siedzib\u0119<\/p>\t\t<\/div>\n\t\t\t\t<\/div>\n\t\t\t\t<div class=\"elementor-element elementor-element-526aabf button-select elementor-widget__width-auto elementor-widget elementor-widget-html\" data-id=\"526aabf\" data-element_type=\"widget\" data-widget_type=\"html.default\">\n\t\t\t\t<div class=\"elementor-widget-container\">\n\t\t\t<select name=\"location\" onchange=\"location = this.value;\"> <option value=\"\/\/www.hurricanefactory.com\/tatralandia\/sk\" selected=\"selected\">Tatralandia \/ Slovakia<\/option> <option value=\"\/\/www.hurricanefactory.com\/prague\/cs\">Prague \/ Czech Republic<\/option> <option value=\"\/\/www.hurricanefactory.com\/berlin\/de\">Berlin \/ Germany<\/option> <\/select>\t\t<\/div>\n\t\t\t\t<\/div>\n\t\t\t\t\t<\/div>\n\t\t<\/div>\n\t\t\t\t<div class=\"elementor-column elementor-col-50 elementor-inner-column elementor-element elementor-element-7130b25\" data-id=\"7130b25\" data-element_type=\"column\">\n\t\t\t<div class=\"elementor-widget-wrap\">\n\t\t\t\t\t\t\t\t\t<\/div>\n\t\t<\/div>\n\t\t\t\t\t\t\t<\/div>\n\t\t<\/section>\n\t\t\t\t<section class=\"elementor-section elementor-inner-section elementor-element elementor-element-7a2fc37 elementor-section-height-min-height mapa-box elementor-section-full_width elementor-section-content-top elementor-section-height-default\" data-id=\"7a2fc37\" data-element_type=\"section\" data-settings=\"{&quot;background_background&quot;:&quot;classic&quot;}\">\n\t\t\t\t\t\t<div class=\"elementor-container elementor-column-gap-default\">\n\t\t\t\t\t<div class=\"elementor-column elementor-col-100 elementor-inner-column elementor-element elementor-element-83cb8a5 map\" data-id=\"83cb8a5\" data-element_type=\"column\">\n\t\t\t<div class=\"elementor-widget-wrap elementor-element-populated\">\n\t\t\t\t\t\t\t\t<div class=\"elementor-element elementor-element-a34b292 elementor-widget elementor-widget-html\" data-id=\"a34b292\" data-element_type=\"widget\" data-widget_type=\"html.default\">\n\t\t\t\t<div class=\"elementor-widget-container\">\n\t\t\t<a style=\"width: fit-content; top: 214px;\r\n    right: 43px;\" class=\"pin\" href=\"\/\"><i><\/i> <span>Tatralandia \/ Slovakia<\/span><\/a>\t\t<\/div>\n\t\t\t\t<\/div>\n\t\t\t\t<div class=\"elementor-element elementor-element-7313262 elementor-widget elementor-widget-html\" data-id=\"7313262\" data-element_type=\"widget\" data-widget_type=\"html.default\">\n\t\t\t\t<div class=\"elementor-widget-container\">\n\t\t\t<a style=\"width: fit-content; top: 198px;\r\n    right: 355px;\" class=\"pin\" href=\"\/\"><span>Prague \/ Czech Republic<\/span><i><\/i><\/a>\t\t<\/div>\n\t\t\t\t<\/div>\n\t\t\t\t<div class=\"elementor-element elementor-element-10bbaf4 elementor-widget elementor-widget-html\" data-id=\"10bbaf4\" data-element_type=\"widget\" data-widget_type=\"html.default\">\n\t\t\t\t<div class=\"elementor-widget-container\">\n\t\t\t<a style=\"width: fit-content; top: 146px;\r\n    right: 188px;\" class=\"pin\" href=\"\/\"><i><\/i> <span>Berlin \/ Germany<\/span><\/a>\t\t<\/div>\n\t\t\t\t<\/div>\n\t\t\t\t\t<\/div>\n\t\t<\/div>\n\t\t\t\t\t\t\t<\/div>\n\t\t<\/section>\n\t\t\t\t\t<\/div>\n\t\t<\/div>\n\t\t\t\t\t\t\t<\/div>\n\t\t<\/section>\n\t\t\t\t\t\t\t<\/div>\n\t\t<\/div>\n\t\t\t\t<\/div>\n\t\t\t\t<\/div>\n\t\t\t\t\t<\/div>\n\t\t<\/div>\n\t\t\t\t\t\t\t<\/div>\n\t\t<\/section>\n\t\t\t\t\t\t\t<\/div>\n\t\t","protected":false},"excerpt":{"rendered":"<p>NASZA HISTORIA Hurricane Factory zosta\u0142a za\u0142o\u017cona w 2012 roku. Od tego czasu zapewnia niezwyk\u0142e wra\u017cenia w postaci samokoryguj\u0105cego latania, znanego r\u00f3wnie\u017c jako skoki spadochronowe w pomieszczeniach lub loty w ciele. PRAHA, TATRALANDIA A BERL\u00cdN Pierwszy tunel aerodynamiczny Hurricane Factory znajduje si\u0119 w Pradze &#8211; Let\u0148any. Zosta\u0142 zbudowany przez Czech Engineering Works Litv\u00ednov jako ich pierwszy [&hellip;]<\/p>\n","protected":false},"author":1,"featured_media":0,"parent":0,"menu_order":0,"comment_status":"closed","ping_status":"closed","template":"elementor_header_footer","meta":{"inline_featured_image":false,"footnotes":""},"_links":{"self":[{"href":"https:\/\/hurricanefactory.sk\/pl\/wp-json\/wp\/v2\/pages\/1789"}],"collection":[{"href":"https:\/\/hurricanefactory.sk\/pl\/wp-json\/wp\/v2\/pages"}],"about":[{"href":"https:\/\/hurricanefactory.sk\/pl\/wp-json\/wp\/v2\/types\/page"}],"author":[{"embeddable":true,"href":"https:\/\/hurricanefactory.sk\/pl\/wp-json\/wp\/v2\/users\/1"}],"replies":[{"embeddable":true,"href":"https:\/\/hurricanefactory.sk\/pl\/wp-json\/wp\/v2\/comments?post=1789"}],"version-history":[{"count":9,"href":"https:\/\/hurricanefactory.sk\/pl\/wp-json\/wp\/v2\/pages\/1789\/revisions"}],"predecessor-version":[{"id":8190,"href":"https:\/\/hurricanefactory.sk\/pl\/wp-json\/wp\/v2\/pages\/1789\/revisions\/8190"}],"wp:attachment":[{"href":"https:\/\/hurricanefactory.sk\/pl\/wp-json\/wp\/v2\/media?parent=1789"}],"curies":[{"name":"wp","href":"https:\/\/api.w.org\/{rel}","templated":true}]}}