{"id":2169,"date":"2020-02-27T13:37:31","date_gmt":"2020-02-27T12:37:31","guid":{"rendered":"https:\/\/hurricanefactory.sk\/eshop\/"},"modified":"2023-09-28T13:42:16","modified_gmt":"2023-09-28T11:42:16","slug":"eshop","status":"publish","type":"page","link":"https:\/\/hurricanefactory.sk\/pl\/eshop\/","title":{"rendered":"Eshop"},"content":{"rendered":"\t\t<div data-elementor-type=\"wp-page\" data-elementor-id=\"2169\" class=\"elementor elementor-2169 elementor-93\" data-elementor-post-type=\"page\">\n\t\t\t\t\t\t\t\t\t<section class=\"elementor-section elementor-top-section elementor-element elementor-element-979c0c5 elementor-section-boxed elementor-section-height-default elementor-section-height-default\" data-id=\"979c0c5\" data-element_type=\"section\">\n\t\t\t\t\t\t<div class=\"elementor-container elementor-column-gap-default\">\n\t\t\t\t\t<div class=\"elementor-column elementor-col-100 elementor-top-column elementor-element elementor-element-c5aa19d\" data-id=\"c5aa19d\" data-element_type=\"column\">\n\t\t\t<div class=\"elementor-widget-wrap elementor-element-populated\">\n\t\t\t\t\t\t\t\t<div class=\"elementor-element elementor-element-ed83bfd elementor-widget elementor-widget-spacer\" data-id=\"ed83bfd\" data-element_type=\"widget\" data-widget_type=\"spacer.default\">\n\t\t\t\t<div class=\"elementor-widget-container\">\n\t\t\t\t\t<div class=\"elementor-spacer\">\n\t\t\t<div class=\"elementor-spacer-inner\"><\/div>\n\t\t<\/div>\n\t\t\t\t<\/div>\n\t\t\t\t<\/div>\n\t\t\t\t<div class=\"elementor-element elementor-element-6f714ae elementor-widget elementor-widget-heading\" data-id=\"6f714ae\" data-element_type=\"widget\" data-widget_type=\"heading.default\">\n\t\t\t\t<div class=\"elementor-widget-container\">\n\t\t\t<h1 class=\"elementor-heading-title elementor-size-xl\">KUPONY DO LATANIA<\/h1>\t\t<\/div>\n\t\t\t\t<\/div>\n\t\t\t\t\t<\/div>\n\t\t<\/div>\n\t\t\t\t\t\t\t<\/div>\n\t\t<\/section>\n\t\t\t\t<section class=\"elementor-section elementor-top-section elementor-element elementor-element-1cacad8 elementor-section-boxed elementor-section-height-default elementor-section-height-default\" data-id=\"1cacad8\" data-element_type=\"section\">\n\t\t\t\t\t\t<div class=\"elementor-container elementor-column-gap-default\">\n\t\t\t\t\t<div class=\"elementor-column elementor-col-100 elementor-top-column elementor-element elementor-element-69a6556\" data-id=\"69a6556\" data-element_type=\"column\">\n\t\t\t<div class=\"elementor-widget-wrap elementor-element-populated\">\n\t\t\t\t\t\t\t\t<section class=\"elementor-section elementor-inner-section elementor-element elementor-element-cc88e6d elementor-section-boxed elementor-section-height-default elementor-section-height-default\" data-id=\"cc88e6d\" data-element_type=\"section\">\n\t\t\t\t\t\t<div class=\"elementor-container elementor-column-gap-default\">\n\t\t\t\t\t<div class=\"elementor-column elementor-col-33 elementor-inner-column elementor-element elementor-element-512df8a\" data-id=\"512df8a\" data-element_type=\"column\">\n\t\t\t<div class=\"elementor-widget-wrap\">\n\t\t\t\t\t\t\t\t\t<\/div>\n\t\t<\/div>\n\t\t\t\t<div class=\"elementor-column elementor-col-33 elementor-inner-column elementor-element elementor-element-74750dd\" data-id=\"74750dd\" data-element_type=\"column\">\n\t\t\t<div class=\"elementor-widget-wrap elementor-element-populated\">\n\t\t\t\t\t\t\t\t<div class=\"elementor-element elementor-element-1784c46 button-select select-location elementor-widget__width-auto elementor-widget elementor-widget-html\" data-id=\"1784c46\" data-element_type=\"widget\" data-widget_type=\"html.default\">\n\t\t\t\t<div class=\"elementor-widget-container\">\n\t\t\t<select name=\"location\" onchange=\"location = this.value;\"> <option value=\"\/\/www.hurricanefactory.com\/tatralandia\/sk\" selected=\"selected\">Tatralandia \/ Slovakia<\/option> <option value=\"\/\/www.hurricanefactory.com\/prague\/cs\">Prague \/ Czech Republic<\/option> <option value=\"\/\/www.hurricanefactory.com\/berlin\/de\">Berlin \/ Germany<\/option> <\/select>\t\t<\/div>\n\t\t\t\t<\/div>\n\t\t\t\t\t<\/div>\n\t\t<\/div>\n\t\t\t\t<div class=\"elementor-column elementor-col-33 elementor-inner-column elementor-element elementor-element-00434cc\" data-id=\"00434cc\" data-element_type=\"column\">\n\t\t\t<div class=\"elementor-widget-wrap\">\n\t\t\t\t\t\t\t\t\t<\/div>\n\t\t<\/div>\n\t\t\t\t\t\t\t<\/div>\n\t\t<\/section>\n\t\t\t\t<div class=\"elementor-element elementor-element-ad1edf6 elementor-widget elementor-widget-text-editor\" data-id=\"ad1edf6\" data-element_type=\"widget\" data-widget_type=\"text-editor.default\">\n\t\t\t\t<div class=\"elementor-widget-container\">\n\t\t\t\t\t\t\t<div class=\"berocket_single_filter_widget berocket_single_filter_widget_6222 \" data-id=\"6222\" style=\"\"><div class=\"bapf_sfilter bapf_ckbox bapf_attr_product_cat\" data-op=\"OR\" data-taxonomy=\"product_cat\" data-name=\"Kategorie\" id=\"bapf_1\"><div class=\"bapf_head\"><h3>Kategorie<\/h3><\/div><div class=\"bapf_body\"><ul><li class=\"bapf_tax_product_cat bapf_term_do-dodatkowego-zakupu bapf_term_134 bapf_count_1 bapf_parent_0\"><input data-name=\"Do dodatkowego zakupu\" id=\"bapf_1_134\" type=\"checkbox\" value=\"134\"><label for=\"bapf_1_134\">Do dodatkowego zakupu<\/label><\/li><li class=\"bapf_tax_product_cat bapf_term_merchandise-pl bapf_term_85 bapf_count_3 bapf_parent_0\"><input data-name=\"Merchandise\" id=\"bapf_1_85\" type=\"checkbox\" value=\"85\"><label for=\"bapf_1_85\">Merchandise<\/label><\/li><li class=\"bapf_tax_product_cat bapf_term_vouchery-pl bapf_term_61 bapf_count_8 bapf_parent_0\"><input data-name=\"Vouchery\" id=\"bapf_1_61\" type=\"checkbox\" value=\"61\"><label for=\"bapf_1_61\">Vouchery<\/label><\/li><li class=\"bapf_tax_product_cat bapf_term_fun-loty bapf_term_79 bapf_count_6 bapf_parent_61\"><input data-name=\"FUN Loty\" id=\"bapf_1_79\" type=\"checkbox\" value=\"79\"><label for=\"bapf_1_79\">FUN Loty<\/label><\/li><li class=\"bapf_tax_product_cat bapf_term_pro-latanie bapf_term_73 bapf_count_2 bapf_parent_61\"><input data-name=\"PRO Latanie\" id=\"bapf_1_73\" type=\"checkbox\" value=\"73\"><label for=\"bapf_1_73\">PRO Latanie<\/label><\/li><\/ul><\/div><\/div><\/div>\t\t\t\t\t\t<\/div>\n\t\t\t\t<\/div>\n\t\t\t\t<div class=\"elementor-element elementor-element-f7f9fb0 elementor-grid-3 elementor-product-loop-item--align-center elementor-grid-mobile-1 elementor-grid-tablet-2 elementor-products-grid elementor-wc-products elementor-widget elementor-widget-woocommerce-products\" data-id=\"f7f9fb0\" data-element_type=\"widget\" data-widget_type=\"woocommerce-products.default\">\n\t\t\t\t<div class=\"elementor-widget-container\">\n\t\t\t<div class=\"woocommerce columns-3 \">\n<ul class=\"products elementor-grid columns-3\">\n\n\n<li class=\"product type-product post-19927 status-publish first instock product_cat-fun-loty product_cat-vouchery-pl has-post-thumbnail taxable shipping-taxable purchasable product-type-simple\">\n\t    <\/a>\n    \n    <div data-metadata-product-list='{&quot;base_id&quot;:19927,&quot;full_id&quot;:19927,&quot;has_variation&quot;:false,&quot;name&quot;:&quot;SWIM &amp; FLY&quot;,&quot;category&quot;:&quot;FUN Loty, Vouchery&quot;,&quot;categories_json&quot;:[&quot;FUN Loty&quot;,&quot;Vouchery&quot;],&quot;price&quot;:80,&quot;price_with_vat&quot;:80,&quot;price_without_vat&quot;:65.04065,&quot;regular_price_with_vat&quot;:80,&quot;regular_price_without_vat&quot;:65.04065,&quot;discount_with_vat&quot;:0,&quot;discount_without_vat&quot;:0,&quot;currency&quot;:&quot;EUR&quot;}'><\/div><ul class=\"my-3\">\r\n \t<li><strong>Ca\u0142odniowy wst\u0119p do Aquaparku Tatralandia (baseny i zje\u017cd\u017calnie) z wej\u015bciem do tunelu aerodynamicznego Hurricane Factory.<\/strong><\/li>\r\n \t<li>Wst\u0119p HURICCANE \u2013 dla 1 osoby od 12 lat obejmuje wypo\u017cyczenie sprz\u0119tu, instruktora, szkolenie i 2 wej\u015bcia do tunelu aerodynamicznego.<\/li>\r\n \t<li>Hurricane KIDS S \u2013 dla 1 dziecka do 12 lat, wypo\u017cyczenie sprz\u0119tu, instruktora, szkolenie i 1 wej\u015bcie do tunelu aerodynamicznego.<\/li>\r\n \t<li>Zakup przez Gopass.travel<\/li>\r\n<\/ul>    \n    \n    <script>\n    function showLoopExcerpt(id)\n    {\n    \n    var divid=\"show_loop_excerpt_\"+id;\n    \n    $(document).ready(function(){\n    if ($(\"#\"+divid).css('display') == 'none'){var axc=0;}\n    if ($(\"#\"+divid).css('display') == 'block'){var axc=1;}\n    \n$(\".show_loop_excerpt\").hide(); \nif (axc===0)\n{\n$(\"#\"+divid).show();\n}\nif (axc===1)\n{\n$(\"#\"+divid).hide();\n}\n\n   \n});\n    \n    }\n    <\/script>\n    \n\n<\/li>\n\n\n<li class=\"product type-product post-2616 status-publish instock product_cat-fun-loty product_cat-vouchery-pl has-post-thumbnail taxable shipping-taxable purchasable product-type-simple\">\n\t    <\/a>\n    \n    <div data-metadata-product-list='{&quot;base_id&quot;:2616,&quot;full_id&quot;:2616,&quot;has_variation&quot;:false,&quot;name&quot;:&quot;HURRICANE&quot;,&quot;category&quot;:&quot;FUN Loty, Vouchery&quot;,&quot;categories_json&quot;:[&quot;FUN Loty&quot;,&quot;Vouchery&quot;],&quot;price&quot;:75,&quot;price_with_vat&quot;:75,&quot;price_without_vat&quot;:60.97561,&quot;regular_price_with_vat&quot;:75,&quot;regular_price_without_vat&quot;:60.97561,&quot;discount_with_vat&quot;:0,&quot;discount_without_vat&quot;:0,&quot;currency&quot;:&quot;EUR&quot;}'><\/div><ul class=\"my-3\">\r\n \t<li>Bestseller<\/li>\r\n \t<li>Dla 1 osoby<\/li>\r\n \t<li>2 wej\u015bcia do tunelu aerodynamicznego<\/li>\r\n \t<li>Instruktor i wypo\u017cyczenie wyposa\u017cenia<\/li>\r\n \t<li>6 miesi\u0119cy wa\u017cno\u015bci<\/li>\r\n<\/ul>    \n    \n    <script>\n    function showLoopExcerpt(id)\n    {\n    \n    var divid=\"show_loop_excerpt_\"+id;\n    \n    $(document).ready(function(){\n    if ($(\"#\"+divid).css('display') == 'none'){var axc=0;}\n    if ($(\"#\"+divid).css('display') == 'block'){var axc=1;}\n    \n$(\".show_loop_excerpt\").hide(); \nif (axc===0)\n{\n$(\"#\"+divid).show();\n}\nif (axc===1)\n{\n$(\"#\"+divid).hide();\n}\n\n   \n});\n    \n    }\n    <\/script>\n    \n\n<\/li>\n\n\n<li class=\"product type-product post-2613 status-publish last instock product_cat-fun-loty product_cat-vouchery-pl has-post-thumbnail taxable shipping-taxable purchasable product-type-simple\">\n\t    <\/a>\n    \n    <div data-metadata-product-list='{&quot;base_id&quot;:2613,&quot;full_id&quot;:2613,&quot;has_variation&quot;:false,&quot;name&quot;:&quot;HURRICANE KIDS S&quot;,&quot;category&quot;:&quot;FUN Loty, Vouchery&quot;,&quot;categories_json&quot;:[&quot;FUN Loty&quot;,&quot;Vouchery&quot;],&quot;price&quot;:45,&quot;price_with_vat&quot;:45,&quot;price_without_vat&quot;:36.585366,&quot;regular_price_with_vat&quot;:45,&quot;regular_price_without_vat&quot;:36.585366,&quot;discount_with_vat&quot;:0,&quot;discount_without_vat&quot;:0,&quot;currency&quot;:&quot;EUR&quot;}'><\/div><ul class=\"my-3\">\r\n \t<li>Dla dzieci do lat 12<\/li>\r\n \t<li>1 wej\u015bcie do tunelu aerodynamicznego<\/li>\r\n \t<li>Instruktor i wypo\u017cyczenie wyposa\u017cenia<\/li>\r\n \t<li>6 miesi\u0119cy wa\u017cno\u015bci<\/li>\r\n<\/ul>    \n    \n    <script>\n    function showLoopExcerpt(id)\n    {\n    \n    var divid=\"show_loop_excerpt_\"+id;\n    \n    $(document).ready(function(){\n    if ($(\"#\"+divid).css('display') == 'none'){var axc=0;}\n    if ($(\"#\"+divid).css('display') == 'block'){var axc=1;}\n    \n$(\".show_loop_excerpt\").hide(); \nif (axc===0)\n{\n$(\"#\"+divid).show();\n}\nif (axc===1)\n{\n$(\"#\"+divid).hide();\n}\n\n   \n});\n    \n    }\n    <\/script>\n    \n\n<\/li>\n\n\n<li class=\"product type-product post-2611 status-publish first instock product_cat-fun-loty product_cat-vouchery-pl has-post-thumbnail taxable shipping-taxable purchasable product-type-simple\">\n\t    <\/a>\n    \n    <div data-metadata-product-list='{&quot;base_id&quot;:2611,&quot;full_id&quot;:2611,&quot;has_variation&quot;:false,&quot;name&quot;:&quot;HURRICANE DUO&quot;,&quot;category&quot;:&quot;FUN Loty, Vouchery&quot;,&quot;categories_json&quot;:[&quot;FUN Loty&quot;,&quot;Vouchery&quot;],&quot;price&quot;:99,&quot;price_with_vat&quot;:99,&quot;price_without_vat&quot;:80.48780500000001,&quot;regular_price_with_vat&quot;:99,&quot;regular_price_without_vat&quot;:80.48780500000001,&quot;discount_with_vat&quot;:0,&quot;discount_without_vat&quot;:0,&quot;currency&quot;:&quot;EUR&quot;}'><\/div><ul class=\"my-3\">\r\n \t<li>Dla dw\u00f3ch os\u00f3b<\/li>\r\n \t<li>1 osobne wej\u015bcie do tunelu dla ka\u017cdej osoby<\/li>\r\n \t<li>Instruktor i wypo\u017cyczenie wyposa\u017cenia<\/li>\r\n \t<li>6 miesi\u0119cy wa\u017cno\u015bci<\/li>\r\n<\/ul>    \n    \n    <script>\n    function showLoopExcerpt(id)\n    {\n    \n    var divid=\"show_loop_excerpt_\"+id;\n    \n    $(document).ready(function(){\n    if ($(\"#\"+divid).css('display') == 'none'){var axc=0;}\n    if ($(\"#\"+divid).css('display') == 'block'){var axc=1;}\n    \n$(\".show_loop_excerpt\").hide(); \nif (axc===0)\n{\n$(\"#\"+divid).show();\n}\nif (axc===1)\n{\n$(\"#\"+divid).hide();\n}\n\n   \n});\n    \n    }\n    <\/script>\n    \n\n<\/li>\n\n\n<li class=\"product type-product post-2609 status-publish instock product_cat-fun-loty product_cat-vouchery-pl has-post-thumbnail taxable shipping-taxable purchasable product-type-simple\">\n\t    <\/a>\n    \n    <div data-metadata-product-list='{&quot;base_id&quot;:2609,&quot;full_id&quot;:2609,&quot;has_variation&quot;:false,&quot;name&quot;:&quot;FAMILY &amp;amp; FRIENDS&quot;,&quot;category&quot;:&quot;FUN Loty, Vouchery&quot;,&quot;categories_json&quot;:[&quot;FUN Loty&quot;,&quot;Vouchery&quot;],&quot;price&quot;:199,&quot;price_with_vat&quot;:199,&quot;price_without_vat&quot;:161.78861799999999,&quot;regular_price_with_vat&quot;:199,&quot;regular_price_without_vat&quot;:161.78861799999999,&quot;discount_with_vat&quot;:0,&quot;discount_without_vat&quot;:0,&quot;currency&quot;:&quot;EUR&quot;}'><\/div><ul class=\"my-3\">\r\n \t<li>Dla 3-4 osob<\/li>\r\n \t<li>8 wej\u015b\u0107 do tunelu aerodynamicznego<\/li>\r\n \t<li>Instruktor i wypo\u017cyczenie wyposa\u017cenia<\/li>\r\n \t<li>6 miesi\u0119cy wa\u017cno\u015bci<\/li>\r\n<\/ul>    \n    \n    <script>\n    function showLoopExcerpt(id)\n    {\n    \n    var divid=\"show_loop_excerpt_\"+id;\n    \n    $(document).ready(function(){\n    if ($(\"#\"+divid).css('display') == 'none'){var axc=0;}\n    if ($(\"#\"+divid).css('display') == 'block'){var axc=1;}\n    \n$(\".show_loop_excerpt\").hide(); \nif (axc===0)\n{\n$(\"#\"+divid).show();\n}\nif (axc===1)\n{\n$(\"#\"+divid).hide();\n}\n\n   \n});\n    \n    }\n    <\/script>\n    \n\n<\/li>\n\n\n<li class=\"product type-product post-2615 status-publish last instock product_cat-fun-loty product_cat-vouchery-pl has-post-thumbnail taxable shipping-taxable purchasable product-type-simple\">\n\t    <\/a>\n    \n    <div data-metadata-product-list='{&quot;base_id&quot;:2615,&quot;full_id&quot;:2615,&quot;has_variation&quot;:false,&quot;name&quot;:&quot;HURRICANE L&quot;,&quot;category&quot;:&quot;FUN Loty, Vouchery&quot;,&quot;categories_json&quot;:[&quot;FUN Loty&quot;,&quot;Vouchery&quot;],&quot;price&quot;:135,&quot;price_with_vat&quot;:135,&quot;price_without_vat&quot;:109.75609800000001,&quot;regular_price_with_vat&quot;:135,&quot;regular_price_without_vat&quot;:109.75609800000001,&quot;discount_with_vat&quot;:0,&quot;discount_without_vat&quot;:0,&quot;currency&quot;:&quot;EUR&quot;}'><\/div><ul class=\"my-3\">\r\n \t<li>Dla 1 osoby<\/li>\r\n \t<li>6 minut lotu<\/li>\r\n \t<li>Instruktor i wypo\u017cyczenie wyposa\u017cenia<\/li>\r\n \t<li>6 miesi\u0119cy wa\u017cno\u015bci<\/li>\r\n<\/ul>    \n    \n    <script>\n    function showLoopExcerpt(id)\n    {\n    \n    var divid=\"show_loop_excerpt_\"+id;\n    \n    $(document).ready(function(){\n    if ($(\"#\"+divid).css('display') == 'none'){var axc=0;}\n    if ($(\"#\"+divid).css('display') == 'block'){var axc=1;}\n    \n$(\".show_loop_excerpt\").hide(); \nif (axc===0)\n{\n$(\"#\"+divid).show();\n}\nif (axc===1)\n{\n$(\"#\"+divid).hide();\n}\n\n   \n});\n    \n    }\n    <\/script>\n    \n\n<\/li>\n\n\n<li class=\"product type-product post-2569 status-publish first outofstock product_cat-pro-latanie product_cat-vouchery-pl has-post-thumbnail taxable shipping-taxable purchasable product-type-simple\">\n\t    <\/a>\n    \n    <div data-metadata-product-list='{&quot;base_id&quot;:2569,&quot;full_id&quot;:2569,&quot;has_variation&quot;:false,&quot;name&quot;:&quot;SPORT 1H&quot;,&quot;category&quot;:&quot;PRO Latanie, Vouchery&quot;,&quot;categories_json&quot;:[&quot;PRO Latanie&quot;,&quot;Vouchery&quot;],&quot;price&quot;:750,&quot;price_with_vat&quot;:750,&quot;price_without_vat&quot;:609.7560980000001,&quot;regular_price_with_vat&quot;:750,&quot;regular_price_without_vat&quot;:609.7560980000001,&quot;discount_with_vat&quot;:0,&quot;discount_without_vat&quot;:0,&quot;currency&quot;:&quot;EUR&quot;}'><\/div><ul>\r\n \t<li>bez trenera (wi\u0119cej informacji s&#112;&#111;&#114;t&#102;&#108;ight&#46;&#116;at&#114;&#97;l&#97;&#110;&#100;&#105;&#97;&#64;&#104;u&#114;&#114;i&#99;ane&#102;actory.c&#111;&#109;)<\/li>\r\n \t<li>Ten pakiet obejmuje 60 minut lotu dla <strong>jednej<\/strong> osoby.<\/li>\r\n \t<li>Ten pakiet musi zosta\u0107 przes\u0142any w ci\u0105gu <strong>12\u00a0miesi\u0119cy<\/strong> od zakupu.<\/li>\r\n<\/ul>    \n    \n    <script>\n    function showLoopExcerpt(id)\n    {\n    \n    var divid=\"show_loop_excerpt_\"+id;\n    \n    $(document).ready(function(){\n    if ($(\"#\"+divid).css('display') == 'none'){var axc=0;}\n    if ($(\"#\"+divid).css('display') == 'block'){var axc=1;}\n    \n$(\".show_loop_excerpt\").hide(); \nif (axc===0)\n{\n$(\"#\"+divid).show();\n}\nif (axc===1)\n{\n$(\"#\"+divid).hide();\n}\n\n   \n});\n    \n    }\n    <\/script>\n    \n\n<\/li>\n\n\n<li class=\"product type-product post-9605 status-publish instock product_cat-pro-latanie product_cat-vouchery-pl has-post-thumbnail taxable shipping-taxable purchasable product-type-simple\">\n\t    <\/a>\n    \n    <div data-metadata-product-list='{&quot;base_id&quot;:9605,&quot;full_id&quot;:9605,&quot;has_variation&quot;:false,&quot;name&quot;:&quot;SPORT 10 MINUT + TRENER&quot;,&quot;category&quot;:&quot;PRO Latanie, Vouchery&quot;,&quot;categories_json&quot;:[&quot;PRO Latanie&quot;,&quot;Vouchery&quot;],&quot;price&quot;:150,&quot;price_with_vat&quot;:150,&quot;price_without_vat&quot;:121.95122,&quot;regular_price_with_vat&quot;:150,&quot;regular_price_without_vat&quot;:121.95122,&quot;discount_with_vat&quot;:0,&quot;discount_without_vat&quot;:0,&quot;currency&quot;:&quot;EUR&quot;}'><\/div>Przeznaczony dla profesjonalnych pilot\u00f3w. Latanie pod okiem do\u015bwiadczonego trenera. Chcesz awansowa\u0107 w lataniu tunelowym? Odprawa, 5* wej\u015bcie do tunelu, odprawa. Ten produkt jest odpowiedni dla pocz\u0105tkuj\u0105cych skoczk\u00f3w spadochronowych, ale tak\u017ce dla os\u00f3b, kt\u00f3re chc\u0105 poprawi\u0107 swoje umiej\u0119tno\u015bci latania w tunelach.\r\n<ul>\r\n \t<li>dla profesjonalnych pilot\u00f3w<\/li>\r\n \t<li>w\u0142asny sprz\u0119t<\/li>\r\n \t<li>dla 1 osoby<\/li>\r\n \t<li>wa\u017cne przez 6 miesi\u0119cy<\/li>\r\n<\/ul>    \n    \n    <script>\n    function showLoopExcerpt(id)\n    {\n    \n    var divid=\"show_loop_excerpt_\"+id;\n    \n    $(document).ready(function(){\n    if ($(\"#\"+divid).css('display') == 'none'){var axc=0;}\n    if ($(\"#\"+divid).css('display') == 'block'){var axc=1;}\n    \n$(\".show_loop_excerpt\").hide(); \nif (axc===0)\n{\n$(\"#\"+divid).show();\n}\nif (axc===1)\n{\n$(\"#\"+divid).hide();\n}\n\n   \n});\n    \n    }\n    <\/script>\n    \n\n<\/li>\n\n\n<li class=\"product type-product post-8945 status-publish last instock product_cat-do-dodatkowego-zakupu has-post-thumbnail taxable shipping-taxable purchasable product-type-simple\">\n\t    <\/a>\n    \n    <div data-metadata-product-list='{&quot;base_id&quot;:8945,&quot;full_id&quot;:8945,&quot;has_variation&quot;:false,&quot;name&quot;:&quot;ADRENALINOWA TAKS\\u00d3WKA&quot;,&quot;category&quot;:&quot;Do dodatkowego zakupu&quot;,&quot;categories_json&quot;:[&quot;Do dodatkowego zakupu&quot;],&quot;price&quot;:9,&quot;price_with_vat&quot;:9,&quot;price_without_vat&quot;:7.317073,&quot;regular_price_with_vat&quot;:9,&quot;regular_price_without_vat&quot;:7.317073,&quot;discount_with_vat&quot;:0,&quot;discount_without_vat&quot;:0,&quot;currency&quot;:&quot;EUR&quot;}'><\/div>    \n    \n    <script>\n    function showLoopExcerpt(id)\n    {\n    \n    var divid=\"show_loop_excerpt_\"+id;\n    \n    $(document).ready(function(){\n    if ($(\"#\"+divid).css('display') == 'none'){var axc=0;}\n    if ($(\"#\"+divid).css('display') == 'block'){var axc=1;}\n    \n$(\".show_loop_excerpt\").hide(); \nif (axc===0)\n{\n$(\"#\"+divid).show();\n}\nif (axc===1)\n{\n$(\"#\"+divid).hide();\n}\n\n   \n});\n    \n    }\n    <\/script>\n    \n\n<\/li>\n<\/ul>\n<\/div>\t\t<\/div>\n\t\t\t\t<\/div>\n\t\t\t\t\t<\/div>\n\t\t<\/div>\n\t\t\t\t\t\t\t<\/div>\n\t\t<\/section>\n\t\t\t\t<section class=\"elementor-section elementor-top-section elementor-element elementor-element-26ec50e elementor-section-boxed elementor-section-height-default elementor-section-height-default\" data-id=\"26ec50e\" data-element_type=\"section\">\n\t\t\t\t\t\t<div class=\"elementor-container elementor-column-gap-default\">\n\t\t\t\t\t<div class=\"elementor-column elementor-col-100 elementor-top-column elementor-element elementor-element-5944bca\" data-id=\"5944bca\" data-element_type=\"column\">\n\t\t\t<div class=\"elementor-widget-wrap elementor-element-populated\">\n\t\t\t\t\t\t\t\t<div class=\"elementor-element elementor-element-a15d13b elementor-widget elementor-widget-spacer\" data-id=\"a15d13b\" data-element_type=\"widget\" data-widget_type=\"spacer.default\">\n\t\t\t\t<div class=\"elementor-widget-container\">\n\t\t\t\t\t<div class=\"elementor-spacer\">\n\t\t\t<div class=\"elementor-spacer-inner\"><\/div>\n\t\t<\/div>\n\t\t\t\t<\/div>\n\t\t\t\t<\/div>\n\t\t\t\t\t<\/div>\n\t\t<\/div>\n\t\t\t\t\t\t\t<\/div>\n\t\t<\/section>\n\t\t\t\t\t\t\t<\/div>\n\t\t","protected":false},"excerpt":{"rendered":"<p>KUPONY DO LATANIA Tatralandia \/ SlovakiaPrague \/ Czech RepublicBerlin \/ Germany<\/p>\n","protected":false},"author":1,"featured_media":0,"parent":0,"menu_order":0,"comment_status":"closed","ping_status":"closed","template":"","meta":{"inline_featured_image":false,"footnotes":""},"_links":{"self":[{"href":"https:\/\/hurricanefactory.sk\/pl\/wp-json\/wp\/v2\/pages\/2169"}],"collection":[{"href":"https:\/\/hurricanefactory.sk\/pl\/wp-json\/wp\/v2\/pages"}],"about":[{"href":"https:\/\/hurricanefactory.sk\/pl\/wp-json\/wp\/v2\/types\/page"}],"author":[{"embeddable":true,"href":"https:\/\/hurricanefactory.sk\/pl\/wp-json\/wp\/v2\/users\/1"}],"replies":[{"embeddable":true,"href":"https:\/\/hurricanefactory.sk\/pl\/wp-json\/wp\/v2\/comments?post=2169"}],"version-history":[{"count":36,"href":"https:\/\/hurricanefactory.sk\/pl\/wp-json\/wp\/v2\/pages\/2169\/revisions"}],"predecessor-version":[{"id":12670,"href":"https:\/\/hurricanefactory.sk\/pl\/wp-json\/wp\/v2\/pages\/2169\/revisions\/12670"}],"wp:attachment":[{"href":"https:\/\/hurricanefactory.sk\/pl\/wp-json\/wp\/v2\/media?parent=2169"}],"curies":[{"name":"wp","href":"https:\/\/api.w.org\/{rel}","templated":true}]}}