{"id":2177,"date":"2020-02-27T13:58:14","date_gmt":"2020-02-27T12:58:14","guid":{"rendered":"https:\/\/hurricanefactory.sk\/kontakt\/"},"modified":"2026-04-10T16:15:45","modified_gmt":"2026-04-10T14:15:45","slug":"kontakt","status":"publish","type":"page","link":"https:\/\/hurricanefactory.sk\/pl\/kontakt\/","title":{"rendered":"Kontakt"},"content":{"rendered":"\t\t<div data-elementor-type=\"wp-page\" data-elementor-id=\"2177\" class=\"elementor elementor-2177 elementor-7\" data-elementor-post-type=\"page\">\n\t\t\t\t\t\t\t\t\t<section class=\"elementor-section elementor-top-section elementor-element elementor-element-97f818b elementor-section-full_width mapa elementor-section-height-default elementor-section-height-default\" data-id=\"97f818b\" data-element_type=\"section\">\n\t\t\t\t\t\t<div class=\"elementor-container elementor-column-gap-no\">\n\t\t\t\t\t<div class=\"elementor-column elementor-col-100 elementor-top-column elementor-element elementor-element-4790030\" data-id=\"4790030\" data-element_type=\"column\">\n\t\t\t<div class=\"elementor-widget-wrap elementor-element-populated\">\n\t\t\t\t\t\t\t\t<div class=\"elementor-element elementor-element-35154bc elementor-widget elementor-widget-google_maps\" data-id=\"35154bc\" data-element_type=\"widget\" data-widget_type=\"google_maps.default\">\n\t\t\t\t<div class=\"elementor-widget-container\">\n\t\t\t\t\t<div class=\"elementor-custom-embed\">\n\t\t\t<iframe loading=\"lazy\"\n\t\t\t\t\tsrc=\"https:\/\/maps.google.com\/maps?q=Hurricane%20Factory%2C%20Slovakia&#038;t=m&#038;z=11&#038;output=embed&#038;iwloc=near\"\n\t\t\t\t\ttitle=\"Hurricane Factory, Slovakia\"\n\t\t\t\t\taria-label=\"Hurricane Factory, Slovakia\"\n\t\t\t><\/iframe>\n\t\t<\/div>\n\t\t\t\t<\/div>\n\t\t\t\t<\/div>\n\t\t\t\t\t<\/div>\n\t\t<\/div>\n\t\t\t\t\t\t\t<\/div>\n\t\t<\/section>\n\t\t\t\t<section class=\"elementor-section elementor-top-section elementor-element elementor-element-f76a4d0 elementor-section-boxed elementor-section-height-default elementor-section-height-default\" data-id=\"f76a4d0\" data-element_type=\"section\">\n\t\t\t\t\t\t<div class=\"elementor-container elementor-column-gap-default\">\n\t\t\t\t\t<div class=\"elementor-column elementor-col-100 elementor-top-column elementor-element elementor-element-f27c5a6\" data-id=\"f27c5a6\" data-element_type=\"column\">\n\t\t\t<div class=\"elementor-widget-wrap elementor-element-populated\">\n\t\t\t\t\t\t\t\t<div class=\"elementor-element elementor-element-fed0d12 elementor-widget elementor-widget-spacer\" data-id=\"fed0d12\" data-element_type=\"widget\" data-widget_type=\"spacer.default\">\n\t\t\t\t<div class=\"elementor-widget-container\">\n\t\t\t\t\t<div class=\"elementor-spacer\">\n\t\t\t<div class=\"elementor-spacer-inner\"><\/div>\n\t\t<\/div>\n\t\t\t\t<\/div>\n\t\t\t\t<\/div>\n\t\t\t\t<section class=\"elementor-section elementor-inner-section elementor-element elementor-element-51a728a elementor-section-height-min-height elementor-section-boxed elementor-section-height-default\" data-id=\"51a728a\" data-element_type=\"section\" data-settings=\"{&quot;background_background&quot;:&quot;classic&quot;}\">\n\t\t\t\t\t\t<div class=\"elementor-container elementor-column-gap-wide\">\n\t\t\t\t\t<div class=\"elementor-column elementor-col-50 elementor-inner-column elementor-element elementor-element-c9bb0ad\" data-id=\"c9bb0ad\" data-element_type=\"column\">\n\t\t\t<div class=\"elementor-widget-wrap elementor-element-populated\">\n\t\t\t\t\t\t\t\t<div class=\"elementor-element elementor-element-55cde76 elementor-widget elementor-widget-heading\" data-id=\"55cde76\" data-element_type=\"widget\" data-widget_type=\"heading.default\">\n\t\t\t\t<div class=\"elementor-widget-container\">\n\t\t\t<h3 class=\"elementor-heading-title elementor-size-large\">DZIA\u0141ANIE TUNELU<\/h3>\t\t<\/div>\n\t\t\t\t<\/div>\n\t\t\t\t<div class=\"elementor-element elementor-element-2aae865 elementor-widget elementor-widget-spacer\" data-id=\"2aae865\" data-element_type=\"widget\" data-widget_type=\"spacer.default\">\n\t\t\t\t<div class=\"elementor-widget-container\">\n\t\t\t\t\t<div class=\"elementor-spacer\">\n\t\t\t<div class=\"elementor-spacer-inner\"><\/div>\n\t\t<\/div>\n\t\t\t\t<\/div>\n\t\t\t\t<\/div>\n\t\t\t\t<div class=\"elementor-element elementor-element-8759f76 elementor-widget elementor-widget-text-editor\" data-id=\"8759f76\" data-element_type=\"widget\" data-widget_type=\"text-editor.default\">\n\t\t\t\t<div class=\"elementor-widget-container\">\n\t\t\t\t\t\t\t<p><strong>Hurricane Factory Tatralandia<br \/><\/strong>Brezovec 1090 03105 <br \/>Liptovsk\u00fd Mikul\u00e1\u0161 5<br \/>GPS: 49.10572 19.57370<\/p>\n\t\t\t\t\t\t<\/div>\n\t\t\t\t<\/div>\n\t\t\t\t<div class=\"elementor-element elementor-element-967db3b elementor-widget elementor-widget-spacer\" data-id=\"967db3b\" data-element_type=\"widget\" data-widget_type=\"spacer.default\">\n\t\t\t\t<div class=\"elementor-widget-container\">\n\t\t\t\t\t<div class=\"elementor-spacer\">\n\t\t\t<div class=\"elementor-spacer-inner\"><\/div>\n\t\t<\/div>\n\t\t\t\t<\/div>\n\t\t\t\t<\/div>\n\t\t\t\t<div class=\"elementor-element elementor-element-811b21d elementor-widget elementor-widget-heading\" data-id=\"811b21d\" data-element_type=\"widget\" data-widget_type=\"heading.default\">\n\t\t\t\t<div class=\"elementor-widget-container\">\n\t\t\t<h3 class=\"elementor-heading-title elementor-size-large\">GODZINY OTWARCIA<\/h3>\t\t<\/div>\n\t\t\t\t<\/div>\n\t\t\t\t<div class=\"elementor-element elementor-element-be1f432 elementor-widget elementor-widget-spacer\" data-id=\"be1f432\" data-element_type=\"widget\" data-widget_type=\"spacer.default\">\n\t\t\t\t<div class=\"elementor-widget-container\">\n\t\t\t\t\t<div class=\"elementor-spacer\">\n\t\t\t<div class=\"elementor-spacer-inner\"><\/div>\n\t\t<\/div>\n\t\t\t\t<\/div>\n\t\t\t\t<\/div>\n\t\t\t\t<div class=\"elementor-element elementor-element-00af9a3 elementor-widget elementor-widget-text-editor\" data-id=\"00af9a3\" data-element_type=\"widget\" data-widget_type=\"text-editor.default\">\n\t\t\t\t<div class=\"elementor-widget-container\">\n\t\t\t\t\t\t\t<p>CZWARTEK&nbsp;&#8211; NIEDZIELA: 9:00 &#8211; 20:00<\/p>\t\t\t\t\t\t<\/div>\n\t\t\t\t<\/div>\n\t\t\t\t<div class=\"elementor-element elementor-element-aebb25f elementor-widget elementor-widget-text-editor\" data-id=\"aebb25f\" data-element_type=\"widget\" data-widget_type=\"text-editor.default\">\n\t\t\t\t<div class=\"elementor-widget-container\">\n\t\t\t\t\t\t\t<p><strong>REZERWACJA:<br \/><\/strong><a class=\"link\" href=\"tel:+421%20903%20544%20331\">+421 903 544 331<\/a><\/p><p><strong>E-MAIL:<br \/><\/strong><a href=\"mailto:&#114;ecepc&#105;&#97;&#64;h&#117;&#114;&#114;&#105;c&#97;&#110;e&#102;&#97;c&#116;&#111;ry.com\">&#114;ecepc&#105;&#97;&#64;h&#117;&#114;&#114;&#105;c&#97;&#110;e&#102;&#97;c&#116;&#111;ry.com<\/a><\/p>\t\t\t\t\t\t<\/div>\n\t\t\t\t<\/div>\n\t\t\t\t<div class=\"elementor-element elementor-element-e35a84a elementor-hidden-desktop elementor-hidden-tablet elementor-hidden-phone elementor-view-default elementor-position-top elementor-mobile-position-top elementor-widget elementor-widget-icon-box\" data-id=\"e35a84a\" data-element_type=\"widget\" data-widget_type=\"icon-box.default\">\n\t\t\t\t<div class=\"elementor-widget-container\">\n\t\t\t\t\t<div class=\"elementor-icon-box-wrapper\">\n\t\t\t\t\t\t<div class=\"elementor-icon-box-icon\">\n\t\t\t\t<span class=\"elementor-icon elementor-animation-\" >\n\t\t\t\t<i aria-hidden=\"true\" class=\"fas fa-info-circle\"><\/i>\t\t\t\t<\/span>\n\t\t\t<\/div>\n\t\t\t\t\t\t<div class=\"elementor-icon-box-content\">\n\t\t\t\t<h3 class=\"elementor-icon-box-title\">\n\t\t\t\t\t<span  >\n\t\t\t\t\t\t\t\t\t\t\t<\/span>\n\t\t\t\t<\/h3>\n\t\t\t\t\t\t\t\t\t<p class=\"elementor-icon-box-description\">\n\t\t\t\t\t\tPodczas rejestracji w recepcji prosimy naszych klient\u00f3w o przes\u0142anie kupon\u00f3w w formie drukowanej.\t\t\t\t\t<\/p>\n\t\t\t\t\t\t\t<\/div>\n\t\t<\/div>\n\t\t\t\t<\/div>\n\t\t\t\t<\/div>\n\t\t\t\t\t<\/div>\n\t\t<\/div>\n\t\t\t\t<div class=\"elementor-column elementor-col-50 elementor-inner-column elementor-element elementor-element-626d0bf\" data-id=\"626d0bf\" data-element_type=\"column\">\n\t\t\t<div class=\"elementor-widget-wrap elementor-element-populated\">\n\t\t\t\t\t\t\t\t<div class=\"elementor-element elementor-element-9fc02b7 elementor-widget elementor-widget-heading\" data-id=\"9fc02b7\" data-element_type=\"widget\" data-widget_type=\"heading.default\">\n\t\t\t\t<div class=\"elementor-widget-container\">\n\t\t\t<h3 class=\"elementor-heading-title elementor-size-large\">SKONTAKTUJ SI\u0118 Z NAMI<\/h3>\t\t<\/div>\n\t\t\t\t<\/div>\n\t\t\t\t<div class=\"elementor-element elementor-element-cdc88ec elementor-widget elementor-widget-spacer\" data-id=\"cdc88ec\" data-element_type=\"widget\" data-widget_type=\"spacer.default\">\n\t\t\t\t<div class=\"elementor-widget-container\">\n\t\t\t\t\t<div class=\"elementor-spacer\">\n\t\t\t<div class=\"elementor-spacer-inner\"><\/div>\n\t\t<\/div>\n\t\t\t\t<\/div>\n\t\t\t\t<\/div>\n\t\t\t\t<div class=\"elementor-element elementor-element-0740a90 elementor-widget elementor-widget-text-editor\" data-id=\"0740a90\" data-element_type=\"widget\" data-widget_type=\"text-editor.default\">\n\t\t\t\t<div class=\"elementor-widget-container\">\n\t\t\t\t\t\t\t<p><strong>INFORMACJE &#8211; RECEPCJA:<br><\/strong>Po &#8211; Ni: 9:00 &#8211; 20:00<br>&nbsp;<a style=\"background-color: #ffffff; font-size: 1rem;\" href=\"tel:+421%20903%20544%20331\">+421 903 544 331<\/a><br><a href=\"mailto:&#114;ecepc&#105;&#97;&#64;h&#117;&#114;&#114;&#105;c&#97;&#110;e&#102;&#97;c&#116;&#111;ry.com\">&#114;ecepc&#105;&#97;&#64;h&#117;&#114;&#114;&#105;c&#97;&#110;e&#102;&#97;c&#116;&#111;ry.com<\/a><\/p>\n<p><strong>KONTAKT W SPRAWIE SPORTU<br><\/strong><a class=\"link\" href=\"tel:+421 903 544 331\">+421 903 544 331 <\/a><a class=\"link\" href=\"mailto:&#115;&#112;&#111;&#114;&#116;f&#108;&#105;g&#104;&#116;&#46;&#116;a&#116;r&#97;&#108;a&#110;&#100;&#105;&#97;&#64;h&#117;&#114;r&#105;&#99;anefa&#99;&#116;&#111;&#114;y&#46;&#99;&#111;&#109;\">&#115;&#112;&#111;&#114;&#116;f&#108;&#105;g&#104;&#116;&#46;&#116;a&#116;r&#97;&#108;a&#110;&#100;&#105;&#97;&#64;h&#117;&#114;r&#105;&#99;anefa&#99;&#116;&#111;&#114;y&#46;&#99;&#111;&#109;<\/a><\/p>\n<p><strong>KONTAKT NA WYDARZENIA FIRMOWE<br><\/strong><a href=\"tel:+421%20911%20533%20352\">+421 911 533 352<\/a><br><a href=\"mailto:ak&#99;i&#101;&#64;hur&#114;i&#99;ane&#102;actor&#121;&#46;com\">ak&#99;i&#101;&#64;hur&#114;i&#99;ane&#102;actor&#121;&#46;com<\/a><\/p>\n<p><strong>KONTAKT Z DZIA\u0141EM MARKETINGU<br><\/strong><a href=\"mailto:&#109;&#97;rke&#116;&#105;&#110;g&#46;ta&#116;r&#97;land&#105;a&#64;h&#117;&#114;&#114;&#105;&#99;&#97;nefa&#99;t&#111;r&#121;&#46;&#99;&#111;&#109;\">&#109;&#97;rke&#116;&#105;&#110;g&#46;ta&#116;r&#97;land&#105;a&#64;h&#117;&#114;&#114;&#105;&#99;&#97;nefa&#99;t&#111;r&#121;&#46;&#99;&#111;&#109;<\/a><\/p>\n<p><strong>SIEDZIBA FIRMY:<\/strong><\/p>\n<address><b>Hurricane Factory Tatralandia s. r. o.<br><\/b>Pribinova 25<br>811 09 Bratislava<br>I\u010cO: 45 942 498<br>I\u010c DPH: SK2023168411<\/address>\t\t\t\t\t\t<\/div>\n\t\t\t\t<\/div>\n\t\t\t\t\t<\/div>\n\t\t<\/div>\n\t\t\t\t\t\t\t<\/div>\n\t\t<\/section>\n\t\t\t\t<div class=\"elementor-element elementor-element-796bf2f elementor-widget elementor-widget-spacer\" data-id=\"796bf2f\" data-element_type=\"widget\" data-widget_type=\"spacer.default\">\n\t\t\t\t<div class=\"elementor-widget-container\">\n\t\t\t\t\t<div class=\"elementor-spacer\">\n\t\t\t<div class=\"elementor-spacer-inner\"><\/div>\n\t\t<\/div>\n\t\t\t\t<\/div>\n\t\t\t\t<\/div>\n\t\t\t\t<div class=\"elementor-element elementor-element-5258ccb elementor-widget elementor-widget-heading\" data-id=\"5258ccb\" data-element_type=\"widget\" data-widget_type=\"heading.default\">\n\t\t\t\t<div class=\"elementor-widget-container\">\n\t\t\t<h3 class=\"elementor-heading-title elementor-size-large\">WIRTUALNA WYCIECZKA<\/h3>\t\t<\/div>\n\t\t\t\t<\/div>\n\t\t\t\t<div class=\"elementor-element elementor-element-2f993cb elementor-widget elementor-widget-spacer\" data-id=\"2f993cb\" data-element_type=\"widget\" data-widget_type=\"spacer.default\">\n\t\t\t\t<div class=\"elementor-widget-container\">\n\t\t\t\t\t<div class=\"elementor-spacer\">\n\t\t\t<div class=\"elementor-spacer-inner\"><\/div>\n\t\t<\/div>\n\t\t\t\t<\/div>\n\t\t\t\t<\/div>\n\t\t\t\t<section class=\"elementor-section elementor-inner-section elementor-element elementor-element-7f974d9 elementor-section-boxed elementor-section-height-default elementor-section-height-default\" data-id=\"7f974d9\" data-element_type=\"section\">\n\t\t\t\t\t\t<div class=\"elementor-container elementor-column-gap-default\">\n\t\t\t\t\t<div class=\"elementor-column elementor-col-50 elementor-inner-column elementor-element elementor-element-f2766fa\" data-id=\"f2766fa\" data-element_type=\"column\">\n\t\t\t<div class=\"elementor-widget-wrap elementor-element-populated\">\n\t\t\t\t\t\t\t\t\t<\/div>\n\t\t<\/div>\n\t\t\t\t<div class=\"elementor-column elementor-col-50 elementor-inner-column elementor-element elementor-element-8c99a00\" data-id=\"8c99a00\" data-element_type=\"column\">\n\t\t\t<div class=\"elementor-widget-wrap elementor-element-populated\">\n\t\t\t\t\t\t\t\t\t<\/div>\n\t\t<\/div>\n\t\t\t\t\t\t\t<\/div>\n\t\t<\/section>\n\t\t\t\t<div class=\"elementor-element elementor-element-8ea53f9 elementor-widget elementor-widget-spacer\" data-id=\"8ea53f9\" data-element_type=\"widget\" data-widget_type=\"spacer.default\">\n\t\t\t\t<div class=\"elementor-widget-container\">\n\t\t\t\t\t<div class=\"elementor-spacer\">\n\t\t\t<div class=\"elementor-spacer-inner\"><\/div>\n\t\t<\/div>\n\t\t\t\t<\/div>\n\t\t\t\t<\/div>\n\t\t\t\t\t<\/div>\n\t\t<\/div>\n\t\t\t\t\t\t\t<\/div>\n\t\t<\/section>\n\t\t\t\t<section class=\"elementor-section elementor-top-section elementor-element elementor-element-dd47021 elementor-section-full_width elementor-section-height-default elementor-section-height-default\" data-id=\"dd47021\" data-element_type=\"section\">\n\t\t\t\t\t\t<div class=\"elementor-container elementor-column-gap-no\">\n\t\t\t\t\t<div class=\"elementor-column elementor-col-100 elementor-top-column elementor-element elementor-element-4e1e360\" data-id=\"4e1e360\" data-element_type=\"column\">\n\t\t\t<div class=\"elementor-widget-wrap elementor-element-populated\">\n\t\t\t\t\t\t\t\t<div class=\"elementor-element elementor-element-f12dc0c elementor-widget elementor-widget-shortcode\" data-id=\"f12dc0c\" data-element_type=\"widget\" data-widget_type=\"shortcode.default\">\n\t\t\t\t<div class=\"elementor-widget-container\">\n\t\t\t\t\t<div class=\"elementor-shortcode\">\t\t<div data-elementor-type=\"section\" data-elementor-id=\"2230\" class=\"elementor elementor-2230 elementor-273\" data-elementor-post-type=\"elementor_library\">\n\t\t\t\t\t\t\t\t<section class=\"elementor-section elementor-top-section elementor-element elementor-element-709739a elementor-section-full_width infos elementor-section-stretched elementor-section-content-bottom elementor-section-height-default elementor-section-height-default\" data-id=\"709739a\" data-element_type=\"section\" data-settings=\"{&quot;background_background&quot;:&quot;classic&quot;,&quot;stretch_section&quot;:&quot;section-stretched&quot;}\">\n\t\t\t\t\t\t<div class=\"elementor-container elementor-column-gap-no\">\n\t\t\t\t\t<div class=\"elementor-column elementor-col-100 elementor-top-column elementor-element elementor-element-a61f577\" data-id=\"a61f577\" data-element_type=\"column\">\n\t\t\t<div class=\"elementor-widget-wrap elementor-element-populated\">\n\t\t\t\t\t\t\t\t<section class=\"elementor-section elementor-inner-section elementor-element elementor-element-52c966f mw elementor-section-boxed elementor-section-height-default elementor-section-height-default\" data-id=\"52c966f\" data-element_type=\"section\">\n\t\t\t\t\t\t<div class=\"elementor-container elementor-column-gap-default\">\n\t\t\t\t\t<div class=\"elementor-column elementor-col-33 elementor-inner-column elementor-element elementor-element-350834b\" data-id=\"350834b\" data-element_type=\"column\">\n\t\t\t<div class=\"elementor-widget-wrap elementor-element-populated\">\n\t\t\t\t\t\t\t\t<div class=\"elementor-element elementor-element-a8b33d6 color-box elementor-widget elementor-widget-text-editor\" data-id=\"a8b33d6\" data-element_type=\"widget\" data-widget_type=\"text-editor.default\">\n\t\t\t\t<div class=\"elementor-widget-container\">\n\t\t\t\t\t\t\t<h3 style=\"font-size: 38px; line-height: 0.9;\"><strong>60 SEKUND<\/strong><br \/>\n<strong>V HURRICANE<br \/>\nFACTORY<\/strong><\/h3>\n<h4>Odpowiednik skoku z samolotu<\/h4>\n\t\t\t\t\t\t<\/div>\n\t\t\t\t<\/div>\n\t\t\t\t\t<\/div>\n\t\t<\/div>\n\t\t\t\t<div class=\"elementor-column elementor-col-33 elementor-inner-column elementor-element elementor-element-38b0e85\" data-id=\"38b0e85\" data-element_type=\"column\">\n\t\t\t<div class=\"elementor-widget-wrap elementor-element-populated\">\n\t\t\t\t\t\t\t\t<div class=\"elementor-element elementor-element-611f2ce orange-box elementor-widget elementor-widget-text-editor\" data-id=\"611f2ce\" data-element_type=\"widget\" data-widget_type=\"text-editor.default\">\n\t\t\t\t<div class=\"elementor-widget-container\">\n\t\t\t\t\t\t\t<h3 style=\"font-size: 38px; line-height: 0.9;\"><strong>SAFE<\/strong><br \/>\n<strong>I DLA KA\u017bDEGO<\/strong><\/h3>\n<h4>Od 5 do 100 lat<\/h4>\n\t\t\t\t\t\t<\/div>\n\t\t\t\t<\/div>\n\t\t\t\t\t<\/div>\n\t\t<\/div>\n\t\t\t\t<div class=\"elementor-column elementor-col-33 elementor-inner-column elementor-element elementor-element-55d9465\" data-id=\"55d9465\" data-element_type=\"column\">\n\t\t\t<div class=\"elementor-widget-wrap elementor-element-populated\">\n\t\t\t\t\t\t\t\t<div class=\"elementor-element elementor-element-14ed610 red-box elementor-widget elementor-widget-text-editor\" data-id=\"14ed610\" data-element_type=\"widget\" data-widget_type=\"text-editor.default\">\n\t\t\t\t<div class=\"elementor-widget-container\">\n\t\t\t\t\t\t\t<h3 style=\"font-size: 38px; line-height: 0.9;\"><strong>FOTO<\/strong><br \/>\n<strong>I WIDEO<\/strong><\/h3>\n<h4>Dost\u0119pne po locie<\/h4>\n\t\t\t\t\t\t<\/div>\n\t\t\t\t<\/div>\n\t\t\t\t\t<\/div>\n\t\t<\/div>\n\t\t\t\t\t\t\t<\/div>\n\t\t<\/section>\n\t\t\t\t\t<\/div>\n\t\t<\/div>\n\t\t\t\t\t\t\t<\/div>\n\t\t<\/section>\n\t\t\t\t\t\t<\/div>\n\t\t<\/div>\n\t\t\t\t<\/div>\n\t\t\t\t<\/div>\n\t\t\t\t\t<\/div>\n\t\t<\/div>\n\t\t\t\t\t\t\t<\/div>\n\t\t<\/section>\n\t\t\t\t<section class=\"elementor-section elementor-top-section elementor-element elementor-element-8320eb6 elementor-section-full_width elementor-section-height-default elementor-section-height-default\" data-id=\"8320eb6\" data-element_type=\"section\">\n\t\t\t\t\t\t<div class=\"elementor-container elementor-column-gap-no\">\n\t\t\t\t\t<div class=\"elementor-column elementor-col-100 elementor-top-column elementor-element elementor-element-b1b8de1\" data-id=\"b1b8de1\" data-element_type=\"column\">\n\t\t\t<div class=\"elementor-widget-wrap elementor-element-populated\">\n\t\t\t\t\t\t\t\t<div class=\"elementor-element elementor-element-2c32d23 elementor-widget elementor-widget-shortcode\" data-id=\"2c32d23\" data-element_type=\"widget\" data-widget_type=\"shortcode.default\">\n\t\t\t\t<div class=\"elementor-widget-container\">\n\t\t\t\t\t<div class=\"elementor-shortcode\">\t\t<div data-elementor-type=\"page\" data-elementor-id=\"2225\" class=\"elementor elementor-2225 elementor-927\" data-elementor-post-type=\"elementor_library\">\n\t\t\t\t\t\t\t\t\t<section class=\"elementor-section elementor-top-section elementor-element elementor-element-7caf200 elementor-section-height-min-height elementor-section-stretched elementor-section-full_width elementor-section-items-top elementor-section-height-default\" data-id=\"7caf200\" data-element_type=\"section\" data-settings=\"{&quot;background_background&quot;:&quot;classic&quot;,&quot;stretch_section&quot;:&quot;section-stretched&quot;}\">\n\t\t\t\t\t\t<div class=\"elementor-container elementor-column-gap-no\">\n\t\t\t\t\t<div class=\"elementor-column elementor-col-100 elementor-top-column elementor-element elementor-element-d37c5d1\" data-id=\"d37c5d1\" data-element_type=\"column\">\n\t\t\t<div class=\"elementor-widget-wrap elementor-element-populated\">\n\t\t\t\t\t\t\t\t<section class=\"elementor-section elementor-inner-section elementor-element elementor-element-daba0e4 elementor-section-content-middle elementor-section-boxed elementor-section-height-default elementor-section-height-default\" data-id=\"daba0e4\" data-element_type=\"section\">\n\t\t\t\t\t\t<div class=\"elementor-container elementor-column-gap-default\">\n\t\t\t\t\t<div class=\"elementor-column elementor-col-50 elementor-inner-column elementor-element elementor-element-815eda1\" data-id=\"815eda1\" data-element_type=\"column\">\n\t\t\t<div class=\"elementor-widget-wrap elementor-element-populated\">\n\t\t\t\t\t\t\t\t<div class=\"elementor-element elementor-element-80088a2 elementor-widget elementor-widget-spacer\" data-id=\"80088a2\" data-element_type=\"widget\" data-widget_type=\"spacer.default\">\n\t\t\t\t<div class=\"elementor-widget-container\">\n\t\t\t\t\t<div class=\"elementor-spacer\">\n\t\t\t<div class=\"elementor-spacer-inner\"><\/div>\n\t\t<\/div>\n\t\t\t\t<\/div>\n\t\t\t\t<\/div>\n\t\t\t\t<div class=\"elementor-element elementor-element-c814ec0 map-text elementor-widget elementor-widget-heading\" data-id=\"c814ec0\" data-element_type=\"widget\" data-widget_type=\"heading.default\">\n\t\t\t\t<div class=\"elementor-widget-container\">\n\t\t\t<h2 class=\"elementor-heading-title elementor-size-default\">HURRICANE<br>FACTORY<br>FAMILY<\/h2>\t\t<\/div>\n\t\t\t\t<\/div>\n\t\t\t\t<div class=\"elementor-element elementor-element-25ca97f elementor-widget elementor-widget-spacer\" data-id=\"25ca97f\" data-element_type=\"widget\" data-widget_type=\"spacer.default\">\n\t\t\t\t<div class=\"elementor-widget-container\">\n\t\t\t\t\t<div class=\"elementor-spacer\">\n\t\t\t<div class=\"elementor-spacer-inner\"><\/div>\n\t\t<\/div>\n\t\t\t\t<\/div>\n\t\t\t\t<\/div>\n\t\t\t\t<div class=\"elementor-element elementor-element-9427f38 elementor-widget elementor-widget-heading\" data-id=\"9427f38\" data-element_type=\"widget\" data-widget_type=\"heading.default\">\n\t\t\t\t<div class=\"elementor-widget-container\">\n\t\t\t<p class=\"elementor-heading-title elementor-size-default\">Wybierz swoj\u0105 siedzib\u0119<\/p>\t\t<\/div>\n\t\t\t\t<\/div>\n\t\t\t\t<div class=\"elementor-element elementor-element-526aabf button-select elementor-widget__width-auto elementor-widget elementor-widget-html\" data-id=\"526aabf\" data-element_type=\"widget\" data-widget_type=\"html.default\">\n\t\t\t\t<div class=\"elementor-widget-container\">\n\t\t\t<select name=\"location\" onchange=\"location = this.value;\"> <option value=\"\/\/www.hurricanefactory.com\/tatralandia\/sk\" selected=\"selected\">Tatralandia \/ Slovakia<\/option> <option value=\"\/\/www.hurricanefactory.com\/prague\/cs\">Prague \/ Czech Republic<\/option> <option value=\"\/\/www.hurricanefactory.com\/berlin\/de\">Berlin \/ Germany<\/option> <\/select>\t\t<\/div>\n\t\t\t\t<\/div>\n\t\t\t\t\t<\/div>\n\t\t<\/div>\n\t\t\t\t<div class=\"elementor-column elementor-col-50 elementor-inner-column elementor-element elementor-element-7130b25\" data-id=\"7130b25\" data-element_type=\"column\">\n\t\t\t<div class=\"elementor-widget-wrap\">\n\t\t\t\t\t\t\t\t\t<\/div>\n\t\t<\/div>\n\t\t\t\t\t\t\t<\/div>\n\t\t<\/section>\n\t\t\t\t<section class=\"elementor-section elementor-inner-section elementor-element elementor-element-7a2fc37 elementor-section-height-min-height mapa-box elementor-section-full_width elementor-section-content-top elementor-section-height-default\" data-id=\"7a2fc37\" data-element_type=\"section\" data-settings=\"{&quot;background_background&quot;:&quot;classic&quot;}\">\n\t\t\t\t\t\t<div class=\"elementor-container elementor-column-gap-default\">\n\t\t\t\t\t<div class=\"elementor-column elementor-col-100 elementor-inner-column elementor-element elementor-element-83cb8a5 map\" data-id=\"83cb8a5\" data-element_type=\"column\">\n\t\t\t<div class=\"elementor-widget-wrap elementor-element-populated\">\n\t\t\t\t\t\t\t\t<div class=\"elementor-element elementor-element-a34b292 elementor-widget elementor-widget-html\" data-id=\"a34b292\" data-element_type=\"widget\" data-widget_type=\"html.default\">\n\t\t\t\t<div class=\"elementor-widget-container\">\n\t\t\t<a style=\"width: fit-content; top: 214px;\r\n    right: 43px;\" class=\"pin\" href=\"\/\"><i><\/i> <span>Tatralandia \/ Slovakia<\/span><\/a>\t\t<\/div>\n\t\t\t\t<\/div>\n\t\t\t\t<div class=\"elementor-element elementor-element-7313262 elementor-widget elementor-widget-html\" data-id=\"7313262\" data-element_type=\"widget\" data-widget_type=\"html.default\">\n\t\t\t\t<div class=\"elementor-widget-container\">\n\t\t\t<a style=\"width: fit-content; top: 198px;\r\n    right: 355px;\" class=\"pin\" href=\"\/\"><span>Prague \/ Czech Republic<\/span><i><\/i><\/a>\t\t<\/div>\n\t\t\t\t<\/div>\n\t\t\t\t<div class=\"elementor-element elementor-element-10bbaf4 elementor-widget elementor-widget-html\" data-id=\"10bbaf4\" data-element_type=\"widget\" data-widget_type=\"html.default\">\n\t\t\t\t<div class=\"elementor-widget-container\">\n\t\t\t<a style=\"width: fit-content; top: 146px;\r\n    right: 188px;\" class=\"pin\" href=\"\/\"><i><\/i> <span>Berlin \/ Germany<\/span><\/a>\t\t<\/div>\n\t\t\t\t<\/div>\n\t\t\t\t\t<\/div>\n\t\t<\/div>\n\t\t\t\t\t\t\t<\/div>\n\t\t<\/section>\n\t\t\t\t\t<\/div>\n\t\t<\/div>\n\t\t\t\t\t\t\t<\/div>\n\t\t<\/section>\n\t\t\t\t\t\t\t<\/div>\n\t\t<\/div>\n\t\t\t\t<\/div>\n\t\t\t\t<\/div>\n\t\t\t\t\t<\/div>\n\t\t<\/div>\n\t\t\t\t\t\t\t<\/div>\n\t\t<\/section>\n\t\t\t\t\t\t\t<\/div>\n\t\t","protected":false},"excerpt":{"rendered":"<p>DZIA\u0141ANIE TUNELU Hurricane Factory TatralandiaBrezovec 1090 03105 Liptovsk\u00fd Mikul\u00e1\u0161 5GPS: 49.10572 19.57370 GODZINY OTWARCIA CZWARTEK&nbsp;&#8211; NIEDZIELA: 9:00 &#8211; 20:00 REZERWACJA:+421 903 544 331 E-MAIL:&#114;&#101;&#99;e&#112;&#99;ia&#64;h&#117;&#114;&#114;ic&#97;nefa&#99;&#116;or&#121;&#46;c&#111;m Podczas rejestracji w recepcji prosimy naszych klient\u00f3w o przes\u0142anie kupon\u00f3w w formie drukowanej. SKONTAKTUJ SI\u0118 Z NAMI INFORMACJE &#8211; RECEPCJA:Po &#8211; Ni: 9:00 &#8211; 20:00&nbsp;+421 903 544 331&#114;&#101;&#99;e&#112;&#99;ia&#64;h&#117;&#114;&#114;ic&#97;nefa&#99;&#116;or&#121;&#46;c&#111;m KONTAKT W SPRAWIE [&hellip;]<\/p>\n","protected":false},"author":1,"featured_media":0,"parent":0,"menu_order":0,"comment_status":"closed","ping_status":"closed","template":"","meta":{"inline_featured_image":false,"footnotes":""},"_links":{"self":[{"href":"https:\/\/hurricanefactory.sk\/pl\/wp-json\/wp\/v2\/pages\/2177"}],"collection":[{"href":"https:\/\/hurricanefactory.sk\/pl\/wp-json\/wp\/v2\/pages"}],"about":[{"href":"https:\/\/hurricanefactory.sk\/pl\/wp-json\/wp\/v2\/types\/page"}],"author":[{"embeddable":true,"href":"https:\/\/hurricanefactory.sk\/pl\/wp-json\/wp\/v2\/users\/1"}],"replies":[{"embeddable":true,"href":"https:\/\/hurricanefactory.sk\/pl\/wp-json\/wp\/v2\/comments?post=2177"}],"version-history":[{"count":57,"href":"https:\/\/hurricanefactory.sk\/pl\/wp-json\/wp\/v2\/pages\/2177\/revisions"}],"predecessor-version":[{"id":20344,"href":"https:\/\/hurricanefactory.sk\/pl\/wp-json\/wp\/v2\/pages\/2177\/revisions\/20344"}],"wp:attachment":[{"href":"https:\/\/hurricanefactory.sk\/pl\/wp-json\/wp\/v2\/media?parent=2177"}],"curies":[{"name":"wp","href":"https:\/\/api.w.org\/{rel}","templated":true}]}}