{"id":2364,"date":"2020-03-02T11:52:09","date_gmt":"2020-03-02T10:52:09","guid":{"rendered":"https:\/\/hurricanefactory.sk\/?page_id=2364"},"modified":"2020-03-02T11:59:17","modified_gmt":"2020-03-02T10:59:17","slug":"referencie","status":"publish","type":"page","link":"https:\/\/hurricanefactory.sk\/pl\/referencie\/","title":{"rendered":"Referencie"},"content":{"rendered":"\t\t<div data-elementor-type=\"wp-page\" data-elementor-id=\"2364\" class=\"elementor elementor-2364\" data-elementor-post-type=\"page\">\n\t\t\t\t\t\t\t\t\t<section class=\"elementor-section elementor-top-section elementor-element elementor-element-c72a1ab title elementor-section-full_width elementor-section-height-default elementor-section-height-default\" data-id=\"c72a1ab\" data-element_type=\"section\" data-settings=\"{&quot;background_background&quot;:&quot;classic&quot;}\">\n\t\t\t\t\t\t\t<div class=\"elementor-background-overlay\"><\/div>\n\t\t\t\t\t\t\t<div class=\"elementor-container elementor-column-gap-default\">\n\t\t\t\t\t<div class=\"elementor-column elementor-col-100 elementor-top-column elementor-element elementor-element-1c8f0bc\" data-id=\"1c8f0bc\" data-element_type=\"column\">\n\t\t\t<div class=\"elementor-widget-wrap elementor-element-populated\">\n\t\t\t\t\t\t\t\t<div class=\"elementor-element elementor-element-0928a90 elementor-widget elementor-widget-image\" data-id=\"0928a90\" data-element_type=\"widget\" data-widget_type=\"image.default\">\n\t\t\t\t<div class=\"elementor-widget-container\">\n\t\t\t\t\t\t\t\t\t\t\t\t\t\t\t<img decoding=\"async\" loading=\"lazy\" width=\"808\" height=\"196\" src=\"https:\/\/hurricanefactory.sk\/wp-content\/uploads\/2020\/03\/title-ref2.png\" class=\"attachment-full size-full wp-image-2372\" alt=\"\" srcset=\"https:\/\/hurricanefactory.sk\/wp-content\/uploads\/2020\/03\/title-ref2.png 808w, https:\/\/hurricanefactory.sk\/wp-content\/uploads\/2020\/03\/title-ref2-600x146.png 600w, https:\/\/hurricanefactory.sk\/wp-content\/uploads\/2020\/03\/title-ref2-300x73.png 300w, https:\/\/hurricanefactory.sk\/wp-content\/uploads\/2020\/03\/title-ref2-768x186.png 768w\" sizes=\"(max-width: 808px) 100vw, 808px\" \/>\t\t\t\t\t\t\t\t\t\t\t\t\t\t\t<\/div>\n\t\t\t\t<\/div>\n\t\t\t\t\t<\/div>\n\t\t<\/div>\n\t\t\t\t\t\t\t<\/div>\n\t\t<\/section>\n\t\t\t\t<section class=\"elementor-section elementor-top-section elementor-element elementor-element-0d6d4dc elementor-section-boxed elementor-section-height-default elementor-section-height-default\" data-id=\"0d6d4dc\" data-element_type=\"section\">\n\t\t\t\t\t\t<div class=\"elementor-container elementor-column-gap-default\">\n\t\t\t\t\t<div class=\"elementor-column elementor-col-100 elementor-top-column elementor-element elementor-element-afdc699\" data-id=\"afdc699\" data-element_type=\"column\">\n\t\t\t<div class=\"elementor-widget-wrap elementor-element-populated\">\n\t\t\t\t\t\t\t\t<div class=\"elementor-element elementor-element-eb6dd69 elementor-widget elementor-widget-spacer\" data-id=\"eb6dd69\" data-element_type=\"widget\" data-widget_type=\"spacer.default\">\n\t\t\t\t<div class=\"elementor-widget-container\">\n\t\t\t\t\t<div class=\"elementor-spacer\">\n\t\t\t<div class=\"elementor-spacer-inner\"><\/div>\n\t\t<\/div>\n\t\t\t\t<\/div>\n\t\t\t\t<\/div>\n\t\t\t\t\t<\/div>\n\t\t<\/div>\n\t\t\t\t\t\t\t<\/div>\n\t\t<\/section>\n\t\t\t\t<section class=\"elementor-section elementor-top-section elementor-element elementor-element-f9307d7 elementor-section-boxed elementor-section-height-default elementor-section-height-default\" data-id=\"f9307d7\" data-element_type=\"section\">\n\t\t\t\t\t\t<div class=\"elementor-container elementor-column-gap-default\">\n\t\t\t\t\t<div class=\"elementor-column elementor-col-100 elementor-top-column elementor-element elementor-element-6d4490f\" data-id=\"6d4490f\" data-element_type=\"column\">\n\t\t\t<div class=\"elementor-widget-wrap elementor-element-populated\">\n\t\t\t\t\t\t\t\t<div class=\"elementor-element elementor-element-c6a30ea elementor-widget elementor-widget-html\" data-id=\"c6a30ea\" data-element_type=\"widget\" data-widget_type=\"html.default\">\n\t\t\t\t<div class=\"elementor-widget-container\">\n\t\t\t<div class=\"w-100\"><h1><strong>VYBRAN\u00c9 REFERENCIE HURRICANE FACTORY TATRALANDIA<\/strong><\/h1>&nbsp;<div class=\"table-responsive\"><table class=\"table\" style=\"width: 100%;\"><tbody><tr><td style=\"width: 25%;\"><br><img decoding=\"async\" alt=\"Kempinski\" class=\"img-responsive pyro-image alignment-none\" data-pyroimage=\"true\" src=\"https:\/\/www.hurricanefactory.com\/assets\/resized_images\/normal_a_a_9a057cf060ffd2e85e4824abc2eb6713.png\" style=\" padding: 10px 10px 10px 10px; \"><\/td><td><h4><br><strong>KEMPINSKI<\/strong><\/h4>Aj v tomto pr\u00edpade sa uk\u00e1zalo, \u017ee raz vidie\u0165, je lep\u0161ie ako 100 kr\u00e1t po\u010du\u0165. Napriek tomu, \u017ee kolegovia o HF predt\u00fdm vedeli, nemali presn\u00fa predstavu o skuto\u010dnom z\u00e1\u017eitku a mo\u017enostiach vyu\u017eitia pre skupiny.<br><br>Z\u00e1\u017eitok hodnotili ve\u013emi pozit\u00edvne, ocenili najm\u00e4 pr\u00edstup a ochotu person\u00e1lu. \u010clovek ma re\u0161pekt a niekedy aj obavy pred prv\u00fdm lietan\u00edm, ale person\u00e1l im dodal pocit bezpe\u010dia, a z\u00e1rove\u0148 vytvoril aj pr\u00edjemn\u00fa a priate\u013esk\u00fa atmosf\u00e9ru. Aktivitu vyhodnotili ako relat\u00edvne m\u00e1lo fyzicky n\u00e1ro\u010dn\u00fa, vhodn\u00fa pre \u0161irok\u00fa skupinu \u013eud\u00ed, ktor\u00e1 v\u0161ak zanech\u00e1 ve\u013ek\u00fd dojem a siln\u00fd z\u00e1\u017eitok.<br><br>Prostredie je ve\u013emi prijemne a mo\u017enos\u0165 ob\u010derstvenia, ako aj celkove vybavenie je v\u00fdborne. Pre n\u00e1s vid\u00edme HF ako skvel\u00fa aktivitu, ktor\u00fa budeme odpor\u00fa\u010da\u0165 na\u0161im klientom. Ako v\u00fdhodou berieme, \u017ee je to po ceste do Tatier a takto sa m\u00f4\u017ee rozdeli\u0165 dlha cesta z Bratislavy.<br><br>&nbsp;<\/td><\/tr><tr><td><br><img decoding=\"async\" alt=\"Petra Vlhov\u00e1\" class=\"img-responsive pyro-image alignment-none\" data-pyroimage=\"true\" src=\"https:\/\/www.hurricanefactory.com\/assets\/resized_images\/normal_a_a_eca5dabb773bb52453d8d3580df577f5.png\" style=\" padding: 10px 10px 10px 10px; \"><\/td><td><h4><br><strong>PETRA VLHOV\u00c1 VO V\u00cdRE HURIK\u00c1NU<\/strong><\/h4>\"Som rada, \u017ee som si op\u00e4\u0165 mohla vysk\u00fa\u0161a\u0165 tak\u00e9to lietanie. U\u017e som tu druh\u00fdkr\u00e1t a i\u0161lo mi to lep\u0161ia ako predt\u00fdm\", prezradila po adrenal\u00ednovom lete v tuneli, kde ju sprev\u00e1dzal in\u0161truktor.<br><br>&nbsp;<\/td><\/tr><tr><td><br><img decoding=\"async\" alt=\"Pfizer\" class=\"img-responsive pyro-image alignment-none\" data-pyroimage=\"true\" src=\"https:\/\/www.hurricanefactory.com\/assets\/resized_images\/normal_a_a_aa4c3e6d03aaa32b5fa496e341506a9b.png\" style=\" padding: 10px 10px 10px 10px; \"><\/td><td><h4><br><strong>PFIZER<\/strong><\/h4>\"Boli sme velmi spokojni. Vsetko bolo podla nasej dohody. Ocenujem ochotny a mily pristup personal a naozaj catering bol vyborny. Uzili sme si to. Dakujem za kooperativnost v krizovej situacii :)\"<br><br>Mgr. Viera Staviarska<br><br>&nbsp;<\/td><\/tr><tr><td><br><img decoding=\"async\" alt=\"Slovnaft\" class=\"img-responsive pyro-image alignment-none\" data-pyroimage=\"true\" src=\"https:\/\/www.hurricanefactory.com\/assets\/resized_images\/normal_a_a_9f48344d50fef59be6936ba4b5b8909a.png\" style=\" padding: 10px 10px 10px 10px; \"><\/td><td><h4><br><strong>TEAMBUILDING SLOVNAFT<\/strong><\/h4>E\u0161te raz \u010fakujeme za kr\u00e1snu akciu u v\u00e1s, cel\u00fd v\u00edkend \u013eudia nerozpr\u00e1vali o ni\u010dom inom.<br><br>&nbsp;<\/td><\/tr><tr><td><br><img decoding=\"async\" alt=\"O2\" class=\"img-responsive pyro-image alignment-none\" data-pyroimage=\"true\" src=\"https:\/\/www.hurricanefactory.com\/assets\/resized_images\/normal_a_a_e80c4fa5ce4b48e8c82ba55cb33e4f3f.png\" style=\" padding: 10px 10px 10px 10px; \"><\/td><td><h4><br><strong>TEAMBUILDING O2<\/strong><\/h4>Chceli by sme sa Vam velmi pekne podakovat za dalsiu vyborne zorganizovanu akciu pre nasho klienta. Ludia z <a href=\"https:\/\/www.o2.sk\" target=\"_blank\">O2<\/a> boli velmi nadseni a este dlho po skonceni akcie si rozpravali zazitky z lietania \ud83d\ude42 Velmi radi Vas uz tradicne oslovime aj v buducnosti.<br><br>&nbsp;<\/td><\/tr><tr><td><br><img decoding=\"async\" alt=\"Anasoft\" class=\"img-responsive pyro-image alignment-none\" data-pyroimage=\"true\" src=\"https:\/\/www.hurricanefactory.com\/assets\/resized_images\/normal_a_a_55f76da699d04213afdb231265c307a5.png\" style=\" padding: 10px 10px 10px 10px; \"><\/td><td><h4><br><strong>TEAMBUILDING ANASOFT<\/strong><\/h4>\"E\u0161te raz \u010fakujeme za dobr\u00fa atmo\u0161ku, m\u00e1te naozaj OK t\u00edm s obrovskou trpezlivos\u0165ou a empatiou.\"<br><br>Stano \u010cekovsk\u00fd, ANASOFT<br><br>&nbsp;<\/td><\/tr><tr><td><br><img decoding=\"async\" alt=\"Mondi SCP\" class=\"img-responsive pyro-image alignment-none\" data-pyroimage=\"true\" src=\"https:\/\/www.hurricanefactory.com\/assets\/resized_images\/normal_a_a_6b0686df2bedc90ea71b21b0b3ea97aa.png\" style=\" padding: 10px 10px 10px 10px; \"><\/td><td><h4><br><strong>MONDI SCP<\/strong><\/h4>\"Mysl\u00edm si, \u017ee mohu s klidem mluvit za v\u0161echny \u010dleny teamu a \u0159\u00edct, \u017ee jsme si teambuilding v\u0161ichni velmi u\u017eili. Nejv\u00edc ze v\u0161eho to popisuje skute\u010dnost kdy se v\u0161ichni shodli na tom, \u017ee je t\u0159eba vyhr\u00e1t dal\u0161\u00ed cenu presidenta Mondi, abychom si takovouto akci mohli zopakovat. (pozn.: jednalo se o v\u00fdhru za nej\u00fasp\u011b\u0161n\u011bj\u0161\u00ed t\u00fdmov\u00fd v\u00fdsledek ve spole\u010dnosti Mondi SCP Ru\u017eomberok za 1Q\/2015.) S\u00e1m za sebe mohu \u0159\u00edct, \u017ee takov\u00fdto nev\u0161edn\u00ed z\u00e1\u017eitek mne posunul v pozn\u00e1n\u00ed nov\u00fdch mo\u017enost\u00ed co lidsk\u00e9 t\u011blo dok\u00e1\u017ee, kdy\u017e se s n\u00edm pracuje podle instrukc\u00ed. Men\u0161\u00ed \u201esvalovice\u201c mi to d\u00e1vala p\u0159ipomenout je\u0161t\u011b cel\u00fd v\u010derej\u0161ek. :)\"<br><br>Lud\u011bk Heralt<br><br><br><br><br>&nbsp;<\/td><\/tr><\/tbody><\/table><\/div><\/div>\t\t<\/div>\n\t\t\t\t<\/div>\n\t\t\t\t\t<\/div>\n\t\t<\/div>\n\t\t\t\t\t\t\t<\/div>\n\t\t<\/section>\n\t\t\t\t<section class=\"elementor-section elementor-top-section elementor-element elementor-element-83c3ece elementor-section-full_width elementor-section-height-default elementor-section-height-default\" data-id=\"83c3ece\" data-element_type=\"section\">\n\t\t\t\t\t\t<div class=\"elementor-container elementor-column-gap-no\">\n\t\t\t\t\t<div class=\"elementor-column elementor-col-100 elementor-top-column elementor-element elementor-element-df3198d\" data-id=\"df3198d\" data-element_type=\"column\">\n\t\t\t<div class=\"elementor-widget-wrap elementor-element-populated\">\n\t\t\t\t\t\t\t\t<div class=\"elementor-element elementor-element-23f302f elementor-widget elementor-widget-spacer\" data-id=\"23f302f\" data-element_type=\"widget\" data-widget_type=\"spacer.default\">\n\t\t\t\t<div class=\"elementor-widget-container\">\n\t\t\t\t\t<div class=\"elementor-spacer\">\n\t\t\t<div class=\"elementor-spacer-inner\"><\/div>\n\t\t<\/div>\n\t\t\t\t<\/div>\n\t\t\t\t<\/div>\n\t\t\t\t<div class=\"elementor-element elementor-element-1a14f5c elementor-widget elementor-widget-shortcode\" data-id=\"1a14f5c\" data-element_type=\"widget\" data-widget_type=\"shortcode.default\">\n\t\t\t\t<div class=\"elementor-widget-container\">\n\t\t\t\t\t<div class=\"elementor-shortcode\">\t\t<div data-elementor-type=\"section\" data-elementor-id=\"2230\" class=\"elementor elementor-2230 elementor-273\" data-elementor-post-type=\"elementor_library\">\n\t\t\t\t\t\t\t\t<section class=\"elementor-section elementor-top-section elementor-element elementor-element-709739a elementor-section-full_width infos elementor-section-stretched elementor-section-content-bottom elementor-section-height-default elementor-section-height-default\" data-id=\"709739a\" data-element_type=\"section\" data-settings=\"{&quot;background_background&quot;:&quot;classic&quot;,&quot;stretch_section&quot;:&quot;section-stretched&quot;}\">\n\t\t\t\t\t\t<div class=\"elementor-container elementor-column-gap-no\">\n\t\t\t\t\t<div class=\"elementor-column elementor-col-100 elementor-top-column elementor-element elementor-element-a61f577\" data-id=\"a61f577\" data-element_type=\"column\">\n\t\t\t<div class=\"elementor-widget-wrap elementor-element-populated\">\n\t\t\t\t\t\t\t\t<section class=\"elementor-section elementor-inner-section elementor-element elementor-element-52c966f mw elementor-section-boxed elementor-section-height-default elementor-section-height-default\" data-id=\"52c966f\" data-element_type=\"section\">\n\t\t\t\t\t\t<div class=\"elementor-container elementor-column-gap-default\">\n\t\t\t\t\t<div class=\"elementor-column elementor-col-33 elementor-inner-column elementor-element elementor-element-350834b\" data-id=\"350834b\" data-element_type=\"column\">\n\t\t\t<div class=\"elementor-widget-wrap elementor-element-populated\">\n\t\t\t\t\t\t\t\t<div class=\"elementor-element elementor-element-a8b33d6 color-box elementor-widget elementor-widget-text-editor\" data-id=\"a8b33d6\" data-element_type=\"widget\" data-widget_type=\"text-editor.default\">\n\t\t\t\t<div class=\"elementor-widget-container\">\n\t\t\t\t\t\t\t<h3 style=\"font-size: 38px; line-height: 0.9;\"><strong>60 SEKUND<\/strong><br \/>\n<strong>V HURRICANE<br \/>\nFACTORY<\/strong><\/h3>\n<h4>Odpowiednik skoku z samolotu<\/h4>\n\t\t\t\t\t\t<\/div>\n\t\t\t\t<\/div>\n\t\t\t\t\t<\/div>\n\t\t<\/div>\n\t\t\t\t<div class=\"elementor-column elementor-col-33 elementor-inner-column elementor-element elementor-element-38b0e85\" data-id=\"38b0e85\" data-element_type=\"column\">\n\t\t\t<div class=\"elementor-widget-wrap elementor-element-populated\">\n\t\t\t\t\t\t\t\t<div class=\"elementor-element elementor-element-611f2ce orange-box elementor-widget elementor-widget-text-editor\" data-id=\"611f2ce\" data-element_type=\"widget\" data-widget_type=\"text-editor.default\">\n\t\t\t\t<div class=\"elementor-widget-container\">\n\t\t\t\t\t\t\t<h3 style=\"font-size: 38px; line-height: 0.9;\"><strong>SAFE<\/strong><br \/>\n<strong>I DLA KA\u017bDEGO<\/strong><\/h3>\n<h4>Od 5 do 100 lat<\/h4>\n\t\t\t\t\t\t<\/div>\n\t\t\t\t<\/div>\n\t\t\t\t\t<\/div>\n\t\t<\/div>\n\t\t\t\t<div class=\"elementor-column elementor-col-33 elementor-inner-column elementor-element elementor-element-55d9465\" data-id=\"55d9465\" data-element_type=\"column\">\n\t\t\t<div class=\"elementor-widget-wrap elementor-element-populated\">\n\t\t\t\t\t\t\t\t<div class=\"elementor-element elementor-element-14ed610 red-box elementor-widget elementor-widget-text-editor\" data-id=\"14ed610\" data-element_type=\"widget\" data-widget_type=\"text-editor.default\">\n\t\t\t\t<div class=\"elementor-widget-container\">\n\t\t\t\t\t\t\t<h3 style=\"font-size: 38px; line-height: 0.9;\"><strong>FOTO<\/strong><br \/>\n<strong>I WIDEO<\/strong><\/h3>\n<h4>Dost\u0119pne po locie<\/h4>\n\t\t\t\t\t\t<\/div>\n\t\t\t\t<\/div>\n\t\t\t\t\t<\/div>\n\t\t<\/div>\n\t\t\t\t\t\t\t<\/div>\n\t\t<\/section>\n\t\t\t\t\t<\/div>\n\t\t<\/div>\n\t\t\t\t\t\t\t<\/div>\n\t\t<\/section>\n\t\t\t\t\t\t<\/div>\n\t\t<\/div>\n\t\t\t\t<\/div>\n\t\t\t\t<\/div>\n\t\t\t\t<div class=\"elementor-element elementor-element-d90c0dc elementor-widget elementor-widget-shortcode\" data-id=\"d90c0dc\" data-element_type=\"widget\" data-widget_type=\"shortcode.default\">\n\t\t\t\t<div class=\"elementor-widget-container\">\n\t\t\t\t\t<div class=\"elementor-shortcode\">\t\t<div data-elementor-type=\"page\" data-elementor-id=\"2225\" class=\"elementor elementor-2225 elementor-927\" data-elementor-post-type=\"elementor_library\">\n\t\t\t\t\t\t\t\t\t<section class=\"elementor-section elementor-top-section elementor-element elementor-element-7caf200 elementor-section-height-min-height elementor-section-stretched elementor-section-full_width elementor-section-items-top elementor-section-height-default\" data-id=\"7caf200\" data-element_type=\"section\" data-settings=\"{&quot;background_background&quot;:&quot;classic&quot;,&quot;stretch_section&quot;:&quot;section-stretched&quot;}\">\n\t\t\t\t\t\t<div class=\"elementor-container elementor-column-gap-no\">\n\t\t\t\t\t<div class=\"elementor-column elementor-col-100 elementor-top-column elementor-element elementor-element-d37c5d1\" data-id=\"d37c5d1\" data-element_type=\"column\">\n\t\t\t<div class=\"elementor-widget-wrap elementor-element-populated\">\n\t\t\t\t\t\t\t\t<section class=\"elementor-section elementor-inner-section elementor-element elementor-element-daba0e4 elementor-section-content-middle elementor-section-boxed elementor-section-height-default elementor-section-height-default\" data-id=\"daba0e4\" data-element_type=\"section\">\n\t\t\t\t\t\t<div class=\"elementor-container elementor-column-gap-default\">\n\t\t\t\t\t<div class=\"elementor-column elementor-col-50 elementor-inner-column elementor-element elementor-element-815eda1\" data-id=\"815eda1\" data-element_type=\"column\">\n\t\t\t<div class=\"elementor-widget-wrap elementor-element-populated\">\n\t\t\t\t\t\t\t\t<div class=\"elementor-element elementor-element-80088a2 elementor-widget elementor-widget-spacer\" data-id=\"80088a2\" data-element_type=\"widget\" data-widget_type=\"spacer.default\">\n\t\t\t\t<div class=\"elementor-widget-container\">\n\t\t\t\t\t<div class=\"elementor-spacer\">\n\t\t\t<div class=\"elementor-spacer-inner\"><\/div>\n\t\t<\/div>\n\t\t\t\t<\/div>\n\t\t\t\t<\/div>\n\t\t\t\t<div class=\"elementor-element elementor-element-c814ec0 map-text elementor-widget elementor-widget-heading\" data-id=\"c814ec0\" data-element_type=\"widget\" data-widget_type=\"heading.default\">\n\t\t\t\t<div class=\"elementor-widget-container\">\n\t\t\t<h2 class=\"elementor-heading-title elementor-size-default\">HURRICANE<br>FACTORY<br>FAMILY<\/h2>\t\t<\/div>\n\t\t\t\t<\/div>\n\t\t\t\t<div class=\"elementor-element elementor-element-25ca97f elementor-widget elementor-widget-spacer\" data-id=\"25ca97f\" data-element_type=\"widget\" data-widget_type=\"spacer.default\">\n\t\t\t\t<div class=\"elementor-widget-container\">\n\t\t\t\t\t<div class=\"elementor-spacer\">\n\t\t\t<div class=\"elementor-spacer-inner\"><\/div>\n\t\t<\/div>\n\t\t\t\t<\/div>\n\t\t\t\t<\/div>\n\t\t\t\t<div class=\"elementor-element elementor-element-9427f38 elementor-widget elementor-widget-heading\" data-id=\"9427f38\" data-element_type=\"widget\" data-widget_type=\"heading.default\">\n\t\t\t\t<div class=\"elementor-widget-container\">\n\t\t\t<p class=\"elementor-heading-title elementor-size-default\">Wybierz swoj\u0105 siedzib\u0119<\/p>\t\t<\/div>\n\t\t\t\t<\/div>\n\t\t\t\t<div class=\"elementor-element elementor-element-526aabf button-select elementor-widget__width-auto elementor-widget elementor-widget-html\" data-id=\"526aabf\" data-element_type=\"widget\" data-widget_type=\"html.default\">\n\t\t\t\t<div class=\"elementor-widget-container\">\n\t\t\t<select name=\"location\" onchange=\"location = this.value;\"> <option value=\"\/\/www.hurricanefactory.com\/tatralandia\/sk\" selected=\"selected\">Tatralandia \/ Slovakia<\/option> <option value=\"\/\/www.hurricanefactory.com\/prague\/cs\">Prague \/ Czech Republic<\/option> <option value=\"\/\/www.hurricanefactory.com\/berlin\/de\">Berlin \/ Germany<\/option> <\/select>\t\t<\/div>\n\t\t\t\t<\/div>\n\t\t\t\t\t<\/div>\n\t\t<\/div>\n\t\t\t\t<div class=\"elementor-column elementor-col-50 elementor-inner-column elementor-element elementor-element-7130b25\" data-id=\"7130b25\" data-element_type=\"column\">\n\t\t\t<div class=\"elementor-widget-wrap\">\n\t\t\t\t\t\t\t\t\t<\/div>\n\t\t<\/div>\n\t\t\t\t\t\t\t<\/div>\n\t\t<\/section>\n\t\t\t\t<section class=\"elementor-section elementor-inner-section elementor-element elementor-element-7a2fc37 elementor-section-height-min-height mapa-box elementor-section-full_width elementor-section-content-top elementor-section-height-default\" data-id=\"7a2fc37\" data-element_type=\"section\" data-settings=\"{&quot;background_background&quot;:&quot;classic&quot;}\">\n\t\t\t\t\t\t<div class=\"elementor-container elementor-column-gap-default\">\n\t\t\t\t\t<div class=\"elementor-column elementor-col-100 elementor-inner-column elementor-element elementor-element-83cb8a5 map\" data-id=\"83cb8a5\" data-element_type=\"column\">\n\t\t\t<div class=\"elementor-widget-wrap elementor-element-populated\">\n\t\t\t\t\t\t\t\t<div class=\"elementor-element elementor-element-a34b292 elementor-widget elementor-widget-html\" data-id=\"a34b292\" data-element_type=\"widget\" data-widget_type=\"html.default\">\n\t\t\t\t<div class=\"elementor-widget-container\">\n\t\t\t<a style=\"width: fit-content; top: 214px;\r\n    right: 43px;\" class=\"pin\" href=\"\/\"><i><\/i> <span>Tatralandia \/ Slovakia<\/span><\/a>\t\t<\/div>\n\t\t\t\t<\/div>\n\t\t\t\t<div class=\"elementor-element elementor-element-7313262 elementor-widget elementor-widget-html\" data-id=\"7313262\" data-element_type=\"widget\" data-widget_type=\"html.default\">\n\t\t\t\t<div class=\"elementor-widget-container\">\n\t\t\t<a style=\"width: fit-content; top: 198px;\r\n    right: 355px;\" class=\"pin\" href=\"\/\"><span>Prague \/ Czech Republic<\/span><i><\/i><\/a>\t\t<\/div>\n\t\t\t\t<\/div>\n\t\t\t\t<div class=\"elementor-element elementor-element-10bbaf4 elementor-widget elementor-widget-html\" data-id=\"10bbaf4\" data-element_type=\"widget\" data-widget_type=\"html.default\">\n\t\t\t\t<div class=\"elementor-widget-container\">\n\t\t\t<a style=\"width: fit-content; top: 146px;\r\n    right: 188px;\" class=\"pin\" href=\"\/\"><i><\/i> <span>Berlin \/ Germany<\/span><\/a>\t\t<\/div>\n\t\t\t\t<\/div>\n\t\t\t\t\t<\/div>\n\t\t<\/div>\n\t\t\t\t\t\t\t<\/div>\n\t\t<\/section>\n\t\t\t\t\t<\/div>\n\t\t<\/div>\n\t\t\t\t\t\t\t<\/div>\n\t\t<\/section>\n\t\t\t\t\t\t\t<\/div>\n\t\t<\/div>\n\t\t\t\t<\/div>\n\t\t\t\t<\/div>\n\t\t\t\t\t<\/div>\n\t\t<\/div>\n\t\t\t\t\t\t\t<\/div>\n\t\t<\/section>\n\t\t\t\t\t\t\t<\/div>\n\t\t","protected":false},"excerpt":{"rendered":"<p>VYBRAN\u00c9 REFERENCIE HURRICANE FACTORY TATRALANDIA &nbsp; KEMPINSKI Aj v tomto pr\u00edpade sa uk\u00e1zalo, \u017ee raz vidie\u0165, je lep\u0161ie ako 100 kr\u00e1t po\u010du\u0165. Napriek tomu, \u017ee kolegovia o HF predt\u00fdm vedeli, nemali presn\u00fa predstavu o skuto\u010dnom z\u00e1\u017eitku a mo\u017enostiach vyu\u017eitia pre skupiny. Z\u00e1\u017eitok hodnotili ve\u013emi pozit\u00edvne, ocenili najm\u00e4 pr\u00edstup a ochotu person\u00e1lu. \u010clovek ma re\u0161pekt a [&hellip;]<\/p>\n","protected":false},"author":1,"featured_media":0,"parent":0,"menu_order":0,"comment_status":"closed","ping_status":"closed","template":"","meta":{"inline_featured_image":false,"footnotes":""},"_links":{"self":[{"href":"https:\/\/hurricanefactory.sk\/pl\/wp-json\/wp\/v2\/pages\/2364"}],"collection":[{"href":"https:\/\/hurricanefactory.sk\/pl\/wp-json\/wp\/v2\/pages"}],"about":[{"href":"https:\/\/hurricanefactory.sk\/pl\/wp-json\/wp\/v2\/types\/page"}],"author":[{"embeddable":true,"href":"https:\/\/hurricanefactory.sk\/pl\/wp-json\/wp\/v2\/users\/1"}],"replies":[{"embeddable":true,"href":"https:\/\/hurricanefactory.sk\/pl\/wp-json\/wp\/v2\/comments?post=2364"}],"version-history":[{"count":5,"href":"https:\/\/hurricanefactory.sk\/pl\/wp-json\/wp\/v2\/pages\/2364\/revisions"}],"predecessor-version":[{"id":2376,"href":"https:\/\/hurricanefactory.sk\/pl\/wp-json\/wp\/v2\/pages\/2364\/revisions\/2376"}],"wp:attachment":[{"href":"https:\/\/hurricanefactory.sk\/pl\/wp-json\/wp\/v2\/media?parent=2364"}],"curies":[{"name":"wp","href":"https:\/\/api.w.org\/{rel}","templated":true}]}}