{"id":19927,"date":"2026-02-01T17:49:03","date_gmt":"2026-02-01T16:49:03","guid":{"rendered":"https:\/\/hurricanefactory.sk\/?post_type=product&#038;p=19927"},"modified":"2026-02-12T17:52:00","modified_gmt":"2026-02-12T16:52:00","slug":"swim-and-fly","status":"publish","type":"product","link":"https:\/\/hurricanefactory.sk\/pl\/product\/swim-and-fly\/","title":{"rendered":"SWIM &#038; FLY"},"content":{"rendered":"","protected":false},"excerpt":{"rendered":"<ul class=\"my-3\">\n<li><strong>Ca\u0142odniowy wst\u0119p do Aquaparku Tatralandia (baseny i zje\u017cd\u017calnie) z wej\u015bciem do tunelu aerodynamicznego Hurricane Factory.<\/strong><\/li>\n<li>Wst\u0119p HURICCANE \u2013 dla 1 osoby od 12 lat obejmuje wypo\u017cyczenie sprz\u0119tu, instruktora, szkolenie i 2 wej\u015bcia do tunelu aerodynamicznego.<\/li>\n<li>Hurricane KIDS S \u2013 dla 1 dziecka do 12 lat, wypo\u017cyczenie sprz\u0119tu, instruktora, szkolenie i 1 wej\u015bcie do tunelu aerodynamicznego.<\/li>\n<li>Zakup przez Gopass.travel<\/li>\n<\/ul>\n","protected":false},"featured_media":19932,"template":"","meta":{"inline_featured_image":false},"_links":{"self":[{"href":"https:\/\/hurricanefactory.sk\/pl\/wp-json\/wp\/v2\/product\/19927"}],"collection":[{"href":"https:\/\/hurricanefactory.sk\/pl\/wp-json\/wp\/v2\/product"}],"about":[{"href":"https:\/\/hurricanefactory.sk\/pl\/wp-json\/wp\/v2\/types\/product"}],"version-history":[{"count":1,"href":"https:\/\/hurricanefactory.sk\/pl\/wp-json\/wp\/v2\/product\/19927\/revisions"}],"predecessor-version":[{"id":19929,"href":"https:\/\/hurricanefactory.sk\/pl\/wp-json\/wp\/v2\/product\/19927\/revisions\/19929"}],"wp:featuredmedia":[{"embeddable":true,"href":"https:\/\/hurricanefactory.sk\/pl\/wp-json\/wp\/v2\/media\/19932"}],"wp:attachment":[{"href":"https:\/\/hurricanefactory.sk\/pl\/wp-json\/wp\/v2\/media?parent=19927"}],"curies":[{"name":"wp","href":"https:\/\/api.w.org\/{rel}","templated":true}]}}