{"id":2609,"date":"2026-01-18T13:48:01","date_gmt":"2026-01-18T12:48:01","guid":{"rendered":"https:\/\/hurricanefactory.sk\/product\/family-friends\/"},"modified":"2026-01-23T10:12:35","modified_gmt":"2026-01-23T09:12:35","slug":"family-friends","status":"publish","type":"product","link":"https:\/\/hurricanefactory.sk\/pl\/product\/family-friends\/","title":{"rendered":"FAMILY &amp; FRIENDS"},"content":{"rendered":"","protected":false},"excerpt":{"rendered":"<ul class=\"my-3\">\n<li>Dla 3-4 osob<\/li>\n<li>8 wej\u015b\u0107 do tunelu aerodynamicznego<\/li>\n<li>Instruktor i wypo\u017cyczenie wyposa\u017cenia<\/li>\n<li>6 miesi\u0119cy wa\u017cno\u015bci<\/li>\n<\/ul>\n","protected":false},"featured_media":3980,"template":"","meta":{"inline_featured_image":false},"_links":{"self":[{"href":"https:\/\/hurricanefactory.sk\/pl\/wp-json\/wp\/v2\/product\/2609"}],"collection":[{"href":"https:\/\/hurricanefactory.sk\/pl\/wp-json\/wp\/v2\/product"}],"about":[{"href":"https:\/\/hurricanefactory.sk\/pl\/wp-json\/wp\/v2\/types\/product"}],"version-history":[{"count":3,"href":"https:\/\/hurricanefactory.sk\/pl\/wp-json\/wp\/v2\/product\/2609\/revisions"}],"predecessor-version":[{"id":10274,"href":"https:\/\/hurricanefactory.sk\/pl\/wp-json\/wp\/v2\/product\/2609\/revisions\/10274"}],"wp:featuredmedia":[{"embeddable":true,"href":"https:\/\/hurricanefactory.sk\/pl\/wp-json\/wp\/v2\/media\/3980"}],"wp:attachment":[{"href":"https:\/\/hurricanefactory.sk\/pl\/wp-json\/wp\/v2\/media?parent=2609"}],"curies":[{"name":"wp","href":"https:\/\/api.w.org\/{rel}","templated":true}]}}