{"id":2611,"date":"2026-01-18T13:51:52","date_gmt":"2026-01-18T12:51:52","guid":{"rendered":"https:\/\/hurricanefactory.sk\/product\/hurricane-duo\/"},"modified":"2026-02-11T15:55:05","modified_gmt":"2026-02-11T14:55:05","slug":"hurricane-duo","status":"publish","type":"product","link":"https:\/\/hurricanefactory.sk\/pl\/product\/hurricane-duo\/","title":{"rendered":"HURRICANE DUO"},"content":{"rendered":"","protected":false},"excerpt":{"rendered":"<ul class=\"my-3\">\n<li>Dla dw\u00f3ch os\u00f3b<\/li>\n<li>1 osobne wej\u015bcie do tunelu dla ka\u017cdej osoby<\/li>\n<li>Instruktor i wypo\u017cyczenie wyposa\u017cenia<\/li>\n<li>6 miesi\u0119cy wa\u017cno\u015bci<\/li>\n<\/ul>\n","protected":false},"featured_media":8048,"template":"","meta":{"inline_featured_image":false},"_links":{"self":[{"href":"https:\/\/hurricanefactory.sk\/pl\/wp-json\/wp\/v2\/product\/2611"}],"collection":[{"href":"https:\/\/hurricanefactory.sk\/pl\/wp-json\/wp\/v2\/product"}],"about":[{"href":"https:\/\/hurricanefactory.sk\/pl\/wp-json\/wp\/v2\/types\/product"}],"version-history":[{"count":4,"href":"https:\/\/hurricanefactory.sk\/pl\/wp-json\/wp\/v2\/product\/2611\/revisions"}],"predecessor-version":[{"id":8940,"href":"https:\/\/hurricanefactory.sk\/pl\/wp-json\/wp\/v2\/product\/2611\/revisions\/8940"}],"wp:featuredmedia":[{"embeddable":true,"href":"https:\/\/hurricanefactory.sk\/pl\/wp-json\/wp\/v2\/media\/8048"}],"wp:attachment":[{"href":"https:\/\/hurricanefactory.sk\/pl\/wp-json\/wp\/v2\/media?parent=2611"}],"curies":[{"name":"wp","href":"https:\/\/api.w.org\/{rel}","templated":true}]}}