{"id":2616,"date":"2026-01-22T13:58:39","date_gmt":"2026-01-22T12:58:39","guid":{"rendered":"https:\/\/hurricanefactory.sk\/product\/hurricane\/"},"modified":"2026-02-11T15:52:49","modified_gmt":"2026-02-11T14:52:49","slug":"hurricane","status":"publish","type":"product","link":"https:\/\/hurricanefactory.sk\/pl\/product\/hurricane\/","title":{"rendered":"HURRICANE"},"content":{"rendered":"","protected":false},"excerpt":{"rendered":"<ul class=\"my-3\">\n<li>Bestseller<\/li>\n<li>Dla 1 osoby<\/li>\n<li>2 wej\u015bcia do tunelu aerodynamicznego<\/li>\n<li>Instruktor i wypo\u017cyczenie wyposa\u017cenia<\/li>\n<li>6 miesi\u0119cy wa\u017cno\u015bci<\/li>\n<\/ul>\n","protected":false},"featured_media":3931,"template":"","meta":{"inline_featured_image":false},"_links":{"self":[{"href":"https:\/\/hurricanefactory.sk\/pl\/wp-json\/wp\/v2\/product\/2616"}],"collection":[{"href":"https:\/\/hurricanefactory.sk\/pl\/wp-json\/wp\/v2\/product"}],"about":[{"href":"https:\/\/hurricanefactory.sk\/pl\/wp-json\/wp\/v2\/types\/product"}],"version-history":[{"count":3,"href":"https:\/\/hurricanefactory.sk\/pl\/wp-json\/wp\/v2\/product\/2616\/revisions"}],"predecessor-version":[{"id":8931,"href":"https:\/\/hurricanefactory.sk\/pl\/wp-json\/wp\/v2\/product\/2616\/revisions\/8931"}],"wp:featuredmedia":[{"embeddable":true,"href":"https:\/\/hurricanefactory.sk\/pl\/wp-json\/wp\/v2\/media\/3931"}],"wp:attachment":[{"href":"https:\/\/hurricanefactory.sk\/pl\/wp-json\/wp\/v2\/media?parent=2616"}],"curies":[{"name":"wp","href":"https:\/\/api.w.org\/{rel}","templated":true}]}}