{"id":4295,"date":"2020-10-16T14:21:29","date_gmt":"2020-10-16T12:21:29","guid":{"rendered":"https:\/\/hurricanefactory.sk\/product\/szalik-na-szyje-hurricane-factory\/"},"modified":"2020-10-16T14:21:29","modified_gmt":"2020-10-16T12:21:29","slug":"szalik-na-szyje-hurricane-factory","status":"publish","type":"product","link":"https:\/\/hurricanefactory.sk\/pl\/product\/szalik-na-szyje-hurricane-factory\/","title":{"rendered":"Szalik na szyj\u0119 Hurricane Factory"},"content":{"rendered":"","protected":false},"excerpt":{"rendered":"<p>Wielofunkcyjna chusta z logo Hurricane Factory. Pos\u0142u\u017cy jako os\u0142ona twarzy, ale tak\u017ce jako modny dodatek.<\/p>\n","protected":false},"featured_media":4230,"template":"","meta":{"inline_featured_image":false},"_links":{"self":[{"href":"https:\/\/hurricanefactory.sk\/pl\/wp-json\/wp\/v2\/product\/4295"}],"collection":[{"href":"https:\/\/hurricanefactory.sk\/pl\/wp-json\/wp\/v2\/product"}],"about":[{"href":"https:\/\/hurricanefactory.sk\/pl\/wp-json\/wp\/v2\/types\/product"}],"version-history":[{"count":0,"href":"https:\/\/hurricanefactory.sk\/pl\/wp-json\/wp\/v2\/product\/4295\/revisions"}],"wp:featuredmedia":[{"embeddable":true,"href":"https:\/\/hurricanefactory.sk\/pl\/wp-json\/wp\/v2\/media\/4230"}],"wp:attachment":[{"href":"https:\/\/hurricanefactory.sk\/pl\/wp-json\/wp\/v2\/media?parent=4295"}],"curies":[{"name":"wp","href":"https:\/\/api.w.org\/{rel}","templated":true}]}}