{"id":4297,"date":"2020-10-16T14:27:52","date_gmt":"2020-10-16T12:27:52","guid":{"rendered":"https:\/\/hurricanefactory.sk\/product\/torba-sportowa-hurricane-factory\/"},"modified":"2020-10-16T14:27:52","modified_gmt":"2020-10-16T12:27:52","slug":"torba-sportowa-hurricane-factory","status":"publish","type":"product","link":"https:\/\/hurricanefactory.sk\/pl\/product\/torba-sportowa-hurricane-factory\/","title":{"rendered":"Torba sportowa Hurricane Factory"},"content":{"rendered":"<pre id=\"tw-target-text\" class=\"tw-data-text tw-text-large XcVN5d tw-ta\" dir=\"ltr\" data-placeholder=\"Preklad\"><span lang=\"pl\">Torba Hurricane Factory nadaje si\u0119 do codziennego u\u017cytku. Odpowiedni rozmiar do kupowania ma\u0142ych przedmiot\u00f3w lub przenoszenia rzeczy na trening.<\/span><\/pre>\n","protected":false},"excerpt":{"rendered":"<p>Torba wykonana z wysokiej jako\u015bci poliestru<\/p>\n","protected":false},"featured_media":3787,"template":"","meta":{"inline_featured_image":false},"_links":{"self":[{"href":"https:\/\/hurricanefactory.sk\/pl\/wp-json\/wp\/v2\/product\/4297"}],"collection":[{"href":"https:\/\/hurricanefactory.sk\/pl\/wp-json\/wp\/v2\/product"}],"about":[{"href":"https:\/\/hurricanefactory.sk\/pl\/wp-json\/wp\/v2\/types\/product"}],"version-history":[{"count":0,"href":"https:\/\/hurricanefactory.sk\/pl\/wp-json\/wp\/v2\/product\/4297\/revisions"}],"wp:featuredmedia":[{"embeddable":true,"href":"https:\/\/hurricanefactory.sk\/pl\/wp-json\/wp\/v2\/media\/3787"}],"wp:attachment":[{"href":"https:\/\/hurricanefactory.sk\/pl\/wp-json\/wp\/v2\/media?parent=4297"}],"curies":[{"name":"wp","href":"https:\/\/api.w.org\/{rel}","templated":true}]}}