{"id":9605,"date":"2019-05-12T11:09:44","date_gmt":"2019-05-12T09:09:44","guid":{"rendered":"https:\/\/hurricanefactory.sk\/product\/sport-10-minut-trener\/"},"modified":"2023-09-28T14:14:21","modified_gmt":"2023-09-28T12:14:21","slug":"sport-10-minut-trener","status":"publish","type":"product","link":"https:\/\/hurricanefactory.sk\/pl\/product\/sport-10-minut-trener\/","title":{"rendered":"SPORT 10 MINUT + TRENER"},"content":{"rendered":"","protected":false},"excerpt":{"rendered":"<p>Przeznaczony dla profesjonalnych pilot\u00f3w. Latanie pod okiem do\u015bwiadczonego trenera. Chcesz awansowa\u0107 w lataniu tunelowym? Odprawa, 5* wej\u015bcie do tunelu, odprawa. Ten produkt jest odpowiedni dla pocz\u0105tkuj\u0105cych skoczk\u00f3w spadochronowych, ale tak\u017ce dla os\u00f3b, kt\u00f3re chc\u0105 poprawi\u0107 swoje umiej\u0119tno\u015bci latania w tunelach.<\/p>\n<ul>\n<li>dla profesjonalnych pilot\u00f3w<\/li>\n<li>w\u0142asny sprz\u0119t<\/li>\n<li>dla 1 osoby<\/li>\n<li>wa\u017cne przez 6 miesi\u0119cy<\/li>\n<\/ul>\n","protected":false},"featured_media":8760,"template":"","meta":{"inline_featured_image":false},"_links":{"self":[{"href":"https:\/\/hurricanefactory.sk\/pl\/wp-json\/wp\/v2\/product\/9605"}],"collection":[{"href":"https:\/\/hurricanefactory.sk\/pl\/wp-json\/wp\/v2\/product"}],"about":[{"href":"https:\/\/hurricanefactory.sk\/pl\/wp-json\/wp\/v2\/types\/product"}],"version-history":[{"count":3,"href":"https:\/\/hurricanefactory.sk\/pl\/wp-json\/wp\/v2\/product\/9605\/revisions"}],"predecessor-version":[{"id":12680,"href":"https:\/\/hurricanefactory.sk\/pl\/wp-json\/wp\/v2\/product\/9605\/revisions\/12680"}],"wp:featuredmedia":[{"embeddable":true,"href":"https:\/\/hurricanefactory.sk\/pl\/wp-json\/wp\/v2\/media\/8760"}],"wp:attachment":[{"href":"https:\/\/hurricanefactory.sk\/pl\/wp-json\/wp\/v2\/media?parent=9605"}],"curies":[{"name":"wp","href":"https:\/\/api.w.org\/{rel}","templated":true}]}}